{"id":5033,"date":"2025-12-22T10:22:37","date_gmt":"2025-12-22T02:22:37","guid":{"rendered":"https:\/\/tiancheng.click\/?post_type=product&#038;p=5033"},"modified":"2026-01-14T09:52:53","modified_gmt":"2026-01-14T01:52:53","slug":"serie-de-llaveros-de-silicona-con-tematica-disney-x-retro-computer-descripcion-general-de-la-serie","status":"publish","type":"product","link":"https:\/\/tiancheng.click\/es\/product\/serie-de-llaveros-de-silicona-con-tematica-disney-x-retro-computer-descripcion-general-de-la-serie\/","title":{"rendered":"Serie de llaveros de silicona con tem\u00e1tica retro de Disney \u00d7 Retro Computer Descripci\u00f3n general de la serie"},"content":{"rendered":"<h2><img fetchpriority=\"high\" decoding=\"async\" class=\"alignnone  wp-image-7692\" src=\"https:\/\/tiancheng.click\/wp-content\/uploads\/2025\/12\/\u672a\u547d\u540d\u56fe\u7247-8-300x300.png\" alt=\"\" width=\"1707\" height=\"1707\" srcset=\"https:\/\/tiancheng.click\/wp-content\/uploads\/2025\/12\/\u672a\u547d\u540d\u56fe\u7247-8-300x300.png 300w, https:\/\/tiancheng.click\/wp-content\/uploads\/2025\/12\/\u672a\u547d\u540d\u56fe\u7247-8-150x150.png 150w, https:\/\/tiancheng.click\/wp-content\/uploads\/2025\/12\/\u672a\u547d\u540d\u56fe\u7247-8-768x768.png 768w, https:\/\/tiancheng.click\/wp-content\/uploads\/2025\/12\/\u672a\u547d\u540d\u56fe\u7247-8-12x12.png 12w, https:\/\/tiancheng.click\/wp-content\/uploads\/2025\/12\/\u672a\u547d\u540d\u56fe\u7247-8-600x600.png 600w, https:\/\/tiancheng.click\/wp-content\/uploads\/2025\/12\/\u672a\u547d\u540d\u56fe\u7247-8-100x100.png 100w, https:\/\/tiancheng.click\/wp-content\/uploads\/2025\/12\/\u672a\u547d\u540d\u56fe\u7247-8.png 800w\" sizes=\"(max-width: 1707px) 100vw, 1707px\" \/><\/h2>\n<h3>Proceso de fabricaci\u00f3n del producto<\/h3>\n<h4>Client Input \u2192 3D Design \u2192 Mold Making \u2192 LSR Mixing \u2192 Injection Molding \u2192 Surface Treatment \u2192 Pad Printing \u2192 Curing \u2192 Accessory Assembly \u2192 100% Inspection \u2192 Individual Packaging \u2192 Bulk Packing \u2192 Shipping<\/h4>\n<h2>\ud83c\udfa8\u00a0<strong>Variantes de dise\u00f1o<\/strong><\/h2>\n<div class=\"ds-scroll-area _1210dd7 c03cafe9\">\n<div class=\"ds-scroll-area__gutters\">\n<div class=\"ds-scroll-area__vertical-gutter\"><\/div>\n<\/div>\n<table style=\"height: 277px;\" width=\"1359\">\n<thead>\n<tr>\n<th>Estilo<\/th>\n<th>Car\u00e1cter<\/th>\n<th>Color del cabezal de silicona<\/th>\n<th>Tema de color de los botones<\/th>\n<\/tr>\n<\/thead>\n<tbody>\n<tr>\n<td>1<\/td>\n<td><strong>Mickey<\/strong><\/td>\n<td>Azul claro<\/td>\n<td>Tonos azules claros<\/td>\n<\/tr>\n<tr>\n<td>2<\/td>\n<td><strong>Minnie<\/strong><\/td>\n<td>Rosa<\/td>\n<td>Tonos rosados<\/td>\n<\/tr>\n<tr>\n<td>3<\/td>\n<td><strong>Pato Donald<\/strong><\/td>\n<td>Azul claro<\/td>\n<td>Tonos azules claros<\/td>\n<\/tr>\n<tr>\n<td>4<\/td>\n<td><strong>Margarita<\/strong><\/td>\n<td>Rosa<\/td>\n<td>Tonos rosados<\/td>\n<\/tr>\n<tr>\n<td>5<\/td>\n<td><strong>Puntada<\/strong><\/td>\n<td>Azul profundo<\/td>\n<td>Tonos azules fluorescentes<\/td>\n<\/tr>\n<tr>\n<td>6<\/td>\n<td><strong>Hombrecitos verdes<\/strong><\/td>\n<td>Verde bosque<\/td>\n<td>Tonos verdes fluorescentes<\/td>\n<\/tr>\n<tr>\n<td>7<\/td>\n<td><strong>Mike Wazowski<\/strong><\/td>\n<td>Verde brillante<\/td>\n<td>Tonos verdes fluorescentes<\/td>\n<\/tr>\n<\/tbody>\n<\/table>\n<p><img decoding=\"async\" class=\"alignnone size-medium wp-image-7684\" src=\"https:\/\/tiancheng.click\/wp-content\/uploads\/2025\/12\/icolors_disney_tsumtsum_calculator_keyring_donald-1-300x300.jpg\" alt=\"\" width=\"300\" height=\"300\" srcset=\"https:\/\/tiancheng.click\/wp-content\/uploads\/2025\/12\/icolors_disney_tsumtsum_calculator_keyring_donald-1-300x300.jpg 300w, https:\/\/tiancheng.click\/wp-content\/uploads\/2025\/12\/icolors_disney_tsumtsum_calculator_keyring_donald-1-150x150.jpg 150w, https:\/\/tiancheng.click\/wp-content\/uploads\/2025\/12\/icolors_disney_tsumtsum_calculator_keyring_donald-1-12x12.jpg 12w, https:\/\/tiancheng.click\/wp-content\/uploads\/2025\/12\/icolors_disney_tsumtsum_calculator_keyring_donald-1-100x100.jpg 100w, https:\/\/tiancheng.click\/wp-content\/uploads\/2025\/12\/icolors_disney_tsumtsum_calculator_keyring_donald-1.jpg 600w\" sizes=\"(max-width: 300px) 100vw, 300px\" \/> <img decoding=\"async\" class=\"alignnone size-medium wp-image-7685\" src=\"https:\/\/tiancheng.click\/wp-content\/uploads\/2025\/12\/icolors_disney_tsumtsum_calculator_keyring_alien-1-300x300.jpg\" alt=\"\" width=\"300\" height=\"300\" srcset=\"https:\/\/tiancheng.click\/wp-content\/uploads\/2025\/12\/icolors_disney_tsumtsum_calculator_keyring_alien-1-300x300.jpg 300w, https:\/\/tiancheng.click\/wp-content\/uploads\/2025\/12\/icolors_disney_tsumtsum_calculator_keyring_alien-1-150x150.jpg 150w, https:\/\/tiancheng.click\/wp-content\/uploads\/2025\/12\/icolors_disney_tsumtsum_calculator_keyring_alien-1-12x12.jpg 12w, https:\/\/tiancheng.click\/wp-content\/uploads\/2025\/12\/icolors_disney_tsumtsum_calculator_keyring_alien-1-100x100.jpg 100w, https:\/\/tiancheng.click\/wp-content\/uploads\/2025\/12\/icolors_disney_tsumtsum_calculator_keyring_alien-1.jpg 600w\" sizes=\"(max-width: 300px) 100vw, 300px\" \/> <img loading=\"lazy\" decoding=\"async\" class=\"alignnone size-medium wp-image-7686\" src=\"https:\/\/tiancheng.click\/wp-content\/uploads\/2025\/12\/icolors_disney_tsumtsum_calculator_keyring_daisy-1-300x300.jpg\" alt=\"\" width=\"300\" height=\"300\" srcset=\"https:\/\/tiancheng.click\/wp-content\/uploads\/2025\/12\/icolors_disney_tsumtsum_calculator_keyring_daisy-1-300x300.jpg 300w, https:\/\/tiancheng.click\/wp-content\/uploads\/2025\/12\/icolors_disney_tsumtsum_calculator_keyring_daisy-1-150x150.jpg 150w, https:\/\/tiancheng.click\/wp-content\/uploads\/2025\/12\/icolors_disney_tsumtsum_calculator_keyring_daisy-1-12x12.jpg 12w, https:\/\/tiancheng.click\/wp-content\/uploads\/2025\/12\/icolors_disney_tsumtsum_calculator_keyring_daisy-1-100x100.jpg 100w, https:\/\/tiancheng.click\/wp-content\/uploads\/2025\/12\/icolors_disney_tsumtsum_calculator_keyring_daisy-1.jpg 600w\" sizes=\"(max-width: 300px) 100vw, 300px\" \/> <img loading=\"lazy\" decoding=\"async\" class=\"alignnone size-medium wp-image-7687\" src=\"https:\/\/tiancheng.click\/wp-content\/uploads\/2025\/12\/icolors_disney_tsumtsum_calculator_keyring_mike-1-300x300.jpg\" alt=\"\" width=\"300\" height=\"300\" srcset=\"https:\/\/tiancheng.click\/wp-content\/uploads\/2025\/12\/icolors_disney_tsumtsum_calculator_keyring_mike-1-300x300.jpg 300w, https:\/\/tiancheng.click\/wp-content\/uploads\/2025\/12\/icolors_disney_tsumtsum_calculator_keyring_mike-1-150x150.jpg 150w, https:\/\/tiancheng.click\/wp-content\/uploads\/2025\/12\/icolors_disney_tsumtsum_calculator_keyring_mike-1-12x12.jpg 12w, https:\/\/tiancheng.click\/wp-content\/uploads\/2025\/12\/icolors_disney_tsumtsum_calculator_keyring_mike-1-100x100.jpg 100w, https:\/\/tiancheng.click\/wp-content\/uploads\/2025\/12\/icolors_disney_tsumtsum_calculator_keyring_mike-1.jpg 600w\" sizes=\"(max-width: 300px) 100vw, 300px\" \/> <img loading=\"lazy\" decoding=\"async\" class=\"alignnone size-medium wp-image-7688\" src=\"https:\/\/tiancheng.click\/wp-content\/uploads\/2025\/12\/icolors_disney_tsumtsum_calculator_keyring_mickey-1-300x300.jpg\" alt=\"\" width=\"300\" height=\"300\" srcset=\"https:\/\/tiancheng.click\/wp-content\/uploads\/2025\/12\/icolors_disney_tsumtsum_calculator_keyring_mickey-1-300x300.jpg 300w, https:\/\/tiancheng.click\/wp-content\/uploads\/2025\/12\/icolors_disney_tsumtsum_calculator_keyring_mickey-1-150x150.jpg 150w, https:\/\/tiancheng.click\/wp-content\/uploads\/2025\/12\/icolors_disney_tsumtsum_calculator_keyring_mickey-1-12x12.jpg 12w, https:\/\/tiancheng.click\/wp-content\/uploads\/2025\/12\/icolors_disney_tsumtsum_calculator_keyring_mickey-1-100x100.jpg 100w, https:\/\/tiancheng.click\/wp-content\/uploads\/2025\/12\/icolors_disney_tsumtsum_calculator_keyring_mickey-1.jpg 600w\" sizes=\"(max-width: 300px) 100vw, 300px\" \/> <img loading=\"lazy\" decoding=\"async\" class=\"alignnone size-medium wp-image-7689\" src=\"https:\/\/tiancheng.click\/wp-content\/uploads\/2025\/12\/icolors_disney_tsumtsum_calculator_keyring_minnie-1-300x300.jpg\" alt=\"\" width=\"300\" height=\"300\" srcset=\"https:\/\/tiancheng.click\/wp-content\/uploads\/2025\/12\/icolors_disney_tsumtsum_calculator_keyring_minnie-1-300x300.jpg 300w, https:\/\/tiancheng.click\/wp-content\/uploads\/2025\/12\/icolors_disney_tsumtsum_calculator_keyring_minnie-1-150x150.jpg 150w, https:\/\/tiancheng.click\/wp-content\/uploads\/2025\/12\/icolors_disney_tsumtsum_calculator_keyring_minnie-1-12x12.jpg 12w, https:\/\/tiancheng.click\/wp-content\/uploads\/2025\/12\/icolors_disney_tsumtsum_calculator_keyring_minnie-1-100x100.jpg 100w, https:\/\/tiancheng.click\/wp-content\/uploads\/2025\/12\/icolors_disney_tsumtsum_calculator_keyring_minnie-1.jpg 600w\" sizes=\"(max-width: 300px) 100vw, 300px\" \/> <img loading=\"lazy\" decoding=\"async\" class=\"alignnone size-medium wp-image-7690\" src=\"https:\/\/tiancheng.click\/wp-content\/uploads\/2025\/12\/icolors_disney_tsumtsum_calculator_keyring_stitch-1-300x300.jpg\" alt=\"\" width=\"300\" height=\"300\" srcset=\"https:\/\/tiancheng.click\/wp-content\/uploads\/2025\/12\/icolors_disney_tsumtsum_calculator_keyring_stitch-1-300x300.jpg 300w, https:\/\/tiancheng.click\/wp-content\/uploads\/2025\/12\/icolors_disney_tsumtsum_calculator_keyring_stitch-1-150x150.jpg 150w, https:\/\/tiancheng.click\/wp-content\/uploads\/2025\/12\/icolors_disney_tsumtsum_calculator_keyring_stitch-1-12x12.jpg 12w, https:\/\/tiancheng.click\/wp-content\/uploads\/2025\/12\/icolors_disney_tsumtsum_calculator_keyring_stitch-1-100x100.jpg 100w, https:\/\/tiancheng.click\/wp-content\/uploads\/2025\/12\/icolors_disney_tsumtsum_calculator_keyring_stitch-1.jpg 600w\" sizes=\"(max-width: 300px) 100vw, 300px\" \/><\/p>\n<\/div>\n<hr \/>\n<h2>\ud83c\udfae\u00a0<strong>Funciones interactivas<\/strong><\/h2>\n<ul>\n<li>\n<p class=\"ds-markdown-paragraph\"><strong>Prensa t\u00e1ctil<\/strong>: El cabezal de silicona ofrece un suave rebote.<\/p>\n<\/li>\n<li>\n<p class=\"ds-markdown-paragraph\"><strong>Dise\u00f1o nost\u00e1lgico<\/strong>El estilo retro de la computadora evoca recuerdos cl\u00e1sicos.<\/p>\n<\/li>\n<li>\n<p class=\"ds-markdown-paragraph\"><strong>Uso pr\u00e1ctico<\/strong>: Ligero y port\u00e1til, perfecto para llaves, bolsos y dispositivos.<\/p>\n<\/li>\n<\/ul>\n<hr \/>\n<h2>\ud83c\udf81\u00a0<strong>Contenido del paquete<\/strong><\/h2>\n<p class=\"ds-markdown-paragraph\">Llavero con tem\u00e1tica inform\u00e1tica \u00d7 1<br \/>\nBolsa protectora transparente \u00d7 1<\/p>","protected":false},"excerpt":{"rendered":"<h2>\ud83d\udcbb\u00a0<strong>Descripci\u00f3n general de la serie<\/strong><\/h2>\n<p class=\"ds-markdown-paragraph\">Llaveros de silicona con licencia oficial de Disney, inspirados en la est\u00e9tica retro de las computadoras. Cada uno cuenta con una cabeza de silicona suave con la forma de un personaje sobre un cuerpo cl\u00e1sico estilo computadora, combinando personajes queridos con el encanto nost\u00e1lgico de la tecnolog\u00eda.<\/p>\n<hr \/>\n<div class=\"ds-scroll-area _1210dd7 c03cafe9\">\n<h2>\ud83e\udde9\u00a0<strong>Estructura del producto<\/strong><\/h2>\n<ul>\n<li>\n<p class=\"ds-markdown-paragraph\"><strong>Arriba<\/strong>Cabeza de personaje de silicona 3D (silicona de grado alimenticio, suave y flexible).<\/p>\n<\/li>\n<li>\n<p class=\"ds-markdown-paragraph\"><strong>Medio<\/strong>: \u00c1rea de la pantalla de computadora con emblema de caracteres en relieve.<\/p>\n<\/li>\n<li>\n<p class=\"ds-markdown-paragraph\"><strong>Base<\/strong>: The keyboard features an embossed design, with key colors matching the keyboard color.<\/p>\n<\/li>\n<li>\n<p class=\"ds-markdown-paragraph\"><strong>Material<\/strong>: Cuerpo de silicona + ABS, ligero y duradero.<\/p>\n<\/li>\n<\/ul>\n<\/div>","protected":false},"featured_media":7691,"comment_status":"open","ping_status":"closed","template":"","meta":[],"product_brand":[],"product_cat":[15,37],"product_tag":[],"class_list":{"0":"post-5033","1":"product","2":"type-product","3":"status-publish","4":"has-post-thumbnail","6":"product_cat-character-goods","7":"product_cat-silicone-rubber-figurine-keychain-and-plush-toy-accessories-series","9":"first","10":"instock","11":"shipping-taxable","12":"product-type-simple"},"_links":{"self":[{"href":"https:\/\/tiancheng.click\/es\/wp-json\/wp\/v2\/product\/5033","targetHints":{"allow":["GET"]}}],"collection":[{"href":"https:\/\/tiancheng.click\/es\/wp-json\/wp\/v2\/product"}],"about":[{"href":"https:\/\/tiancheng.click\/es\/wp-json\/wp\/v2\/types\/product"}],"replies":[{"embeddable":true,"href":"https:\/\/tiancheng.click\/es\/wp-json\/wp\/v2\/comments?post=5033"}],"wp:featuredmedia":[{"embeddable":true,"href":"https:\/\/tiancheng.click\/es\/wp-json\/wp\/v2\/media\/7691"}],"wp:attachment":[{"href":"https:\/\/tiancheng.click\/es\/wp-json\/wp\/v2\/media?parent=5033"}],"wp:term":[{"taxonomy":"product_brand","embeddable":true,"href":"https:\/\/tiancheng.click\/es\/wp-json\/wp\/v2\/product_brand?post=5033"},{"taxonomy":"product_cat","embeddable":true,"href":"https:\/\/tiancheng.click\/es\/wp-json\/wp\/v2\/product_cat?post=5033"},{"taxonomy":"product_tag","embeddable":true,"href":"https:\/\/tiancheng.click\/es\/wp-json\/wp\/v2\/product_tag?post=5033"}],"curies":[{"name":"wp","href":"https:\/\/api.w.org\/{rel}","templated":true}]}}