{"id":5052,"date":"2025-12-22T10:36:00","date_gmt":"2025-12-22T02:36:00","guid":{"rendered":"https:\/\/tiancheng.click\/?post_type=product&#038;p=5052"},"modified":"2026-01-15T08:45:19","modified_gmt":"2026-01-15T00:45:19","slug":"auriculares-bluetooth","status":"publish","type":"product","link":"https:\/\/tiancheng.click\/es\/product\/auriculares-bluetooth\/","title":{"rendered":"Funda protectora de silicona para auriculares Bluetooth"},"content":{"rendered":"<p class=\"ds-markdown-paragraph\">\n<h3><img fetchpriority=\"high\" decoding=\"async\" class=\"alignnone  wp-image-7934\" src=\"https:\/\/tiancheng.click\/wp-content\/uploads\/2025\/12\/\u672a\u547d\u540d\u56fe\u7247-17-300x300.png\" alt=\"\" width=\"1713\" height=\"1713\" srcset=\"https:\/\/tiancheng.click\/wp-content\/uploads\/2025\/12\/\u672a\u547d\u540d\u56fe\u7247-17-300x300.png 300w, https:\/\/tiancheng.click\/wp-content\/uploads\/2025\/12\/\u672a\u547d\u540d\u56fe\u7247-17-150x150.png 150w, https:\/\/tiancheng.click\/wp-content\/uploads\/2025\/12\/\u672a\u547d\u540d\u56fe\u7247-17-768x768.png 768w, https:\/\/tiancheng.click\/wp-content\/uploads\/2025\/12\/\u672a\u547d\u540d\u56fe\u7247-17-12x12.png 12w, https:\/\/tiancheng.click\/wp-content\/uploads\/2025\/12\/\u672a\u547d\u540d\u56fe\u7247-17-600x600.png 600w, https:\/\/tiancheng.click\/wp-content\/uploads\/2025\/12\/\u672a\u547d\u540d\u56fe\u7247-17-100x100.png 100w, https:\/\/tiancheng.click\/wp-content\/uploads\/2025\/12\/\u672a\u547d\u540d\u56fe\u7247-17.png 800w\" sizes=\"(max-width: 1713px) 100vw, 1713px\" \/><\/h3>\n<h3>Proceso de fabricaci\u00f3n del producto<\/h3>\n<h4>Client Input \u2192 3D Design \u2192 Mold Making \u2192 LSR Mixing \u2192 Injection Molding \u2192 Surface Treatment \u2192 Pad Printing \u2192 Curing \u2192 Accessory Assembly \u2192 100% Inspection \u2192 Individual Packaging \u2192 Bulk Packing \u2192 Shipping<\/h4>\n<hr \/>\n<h2><img decoding=\"async\" class=\"alignnone size-medium wp-image-7935\" src=\"https:\/\/tiancheng.click\/wp-content\/uploads\/2025\/12\/icolors_disney_tsumtsum_wireless_earphone_daisy-1-300x300.jpg\" alt=\"\" width=\"300\" height=\"300\" srcset=\"https:\/\/tiancheng.click\/wp-content\/uploads\/2025\/12\/icolors_disney_tsumtsum_wireless_earphone_daisy-1-300x300.jpg 300w, https:\/\/tiancheng.click\/wp-content\/uploads\/2025\/12\/icolors_disney_tsumtsum_wireless_earphone_daisy-1-150x150.jpg 150w, https:\/\/tiancheng.click\/wp-content\/uploads\/2025\/12\/icolors_disney_tsumtsum_wireless_earphone_daisy-1-12x12.jpg 12w, https:\/\/tiancheng.click\/wp-content\/uploads\/2025\/12\/icolors_disney_tsumtsum_wireless_earphone_daisy-1-100x100.jpg 100w, https:\/\/tiancheng.click\/wp-content\/uploads\/2025\/12\/icolors_disney_tsumtsum_wireless_earphone_daisy-1.jpg 600w\" sizes=\"(max-width: 300px) 100vw, 300px\" \/> <img decoding=\"async\" class=\"alignnone size-medium wp-image-7936\" src=\"https:\/\/tiancheng.click\/wp-content\/uploads\/2025\/12\/icolors_disney_tsumtsum_wireless_earphone_mike-1-300x300.jpg\" alt=\"\" width=\"300\" height=\"300\" srcset=\"https:\/\/tiancheng.click\/wp-content\/uploads\/2025\/12\/icolors_disney_tsumtsum_wireless_earphone_mike-1-300x300.jpg 300w, https:\/\/tiancheng.click\/wp-content\/uploads\/2025\/12\/icolors_disney_tsumtsum_wireless_earphone_mike-1-150x150.jpg 150w, https:\/\/tiancheng.click\/wp-content\/uploads\/2025\/12\/icolors_disney_tsumtsum_wireless_earphone_mike-1-12x12.jpg 12w, https:\/\/tiancheng.click\/wp-content\/uploads\/2025\/12\/icolors_disney_tsumtsum_wireless_earphone_mike-1-100x100.jpg 100w, https:\/\/tiancheng.click\/wp-content\/uploads\/2025\/12\/icolors_disney_tsumtsum_wireless_earphone_mike-1.jpg 600w\" sizes=\"(max-width: 300px) 100vw, 300px\" \/> <img loading=\"lazy\" decoding=\"async\" class=\"alignnone size-medium wp-image-7937\" src=\"https:\/\/tiancheng.click\/wp-content\/uploads\/2025\/12\/icolors_disney_tsumtsum_wireless_earphone_minnie-1-300x300.jpg\" alt=\"\" width=\"300\" height=\"300\" srcset=\"https:\/\/tiancheng.click\/wp-content\/uploads\/2025\/12\/icolors_disney_tsumtsum_wireless_earphone_minnie-1-300x300.jpg 300w, https:\/\/tiancheng.click\/wp-content\/uploads\/2025\/12\/icolors_disney_tsumtsum_wireless_earphone_minnie-1-150x150.jpg 150w, https:\/\/tiancheng.click\/wp-content\/uploads\/2025\/12\/icolors_disney_tsumtsum_wireless_earphone_minnie-1-12x12.jpg 12w, https:\/\/tiancheng.click\/wp-content\/uploads\/2025\/12\/icolors_disney_tsumtsum_wireless_earphone_minnie-1-100x100.jpg 100w, https:\/\/tiancheng.click\/wp-content\/uploads\/2025\/12\/icolors_disney_tsumtsum_wireless_earphone_minnie-1.jpg 600w\" sizes=\"(max-width: 300px) 100vw, 300px\" \/> <img loading=\"lazy\" decoding=\"async\" class=\"alignnone size-medium wp-image-7938\" src=\"https:\/\/tiancheng.click\/wp-content\/uploads\/2025\/12\/icolors_disney_tsumtsum_wireless_earphone_alien-1-300x300.jpg\" alt=\"\" width=\"300\" height=\"300\" srcset=\"https:\/\/tiancheng.click\/wp-content\/uploads\/2025\/12\/icolors_disney_tsumtsum_wireless_earphone_alien-1-300x300.jpg 300w, https:\/\/tiancheng.click\/wp-content\/uploads\/2025\/12\/icolors_disney_tsumtsum_wireless_earphone_alien-1-150x150.jpg 150w, https:\/\/tiancheng.click\/wp-content\/uploads\/2025\/12\/icolors_disney_tsumtsum_wireless_earphone_alien-1-12x12.jpg 12w, https:\/\/tiancheng.click\/wp-content\/uploads\/2025\/12\/icolors_disney_tsumtsum_wireless_earphone_alien-1-100x100.jpg 100w, https:\/\/tiancheng.click\/wp-content\/uploads\/2025\/12\/icolors_disney_tsumtsum_wireless_earphone_alien-1.jpg 600w\" sizes=\"(max-width: 300px) 100vw, 300px\" \/> <img loading=\"lazy\" decoding=\"async\" class=\"alignnone size-medium wp-image-7939\" src=\"https:\/\/tiancheng.click\/wp-content\/uploads\/2025\/12\/icolors_disney_tsumtsum_wireless_earphone_judy-1-300x300.jpg\" alt=\"\" width=\"300\" height=\"300\" srcset=\"https:\/\/tiancheng.click\/wp-content\/uploads\/2025\/12\/icolors_disney_tsumtsum_wireless_earphone_judy-1-300x300.jpg 300w, https:\/\/tiancheng.click\/wp-content\/uploads\/2025\/12\/icolors_disney_tsumtsum_wireless_earphone_judy-1-150x150.jpg 150w, https:\/\/tiancheng.click\/wp-content\/uploads\/2025\/12\/icolors_disney_tsumtsum_wireless_earphone_judy-1-12x12.jpg 12w, https:\/\/tiancheng.click\/wp-content\/uploads\/2025\/12\/icolors_disney_tsumtsum_wireless_earphone_judy-1-100x100.jpg 100w, https:\/\/tiancheng.click\/wp-content\/uploads\/2025\/12\/icolors_disney_tsumtsum_wireless_earphone_judy-1.jpg 600w\" sizes=\"(max-width: 300px) 100vw, 300px\" \/> <img loading=\"lazy\" decoding=\"async\" class=\"alignnone size-medium wp-image-7940\" src=\"https:\/\/tiancheng.click\/wp-content\/uploads\/2025\/12\/icolors_disney_tsumtsum_wireless_earphone_tigger-1-300x300.jpg\" alt=\"\" width=\"300\" height=\"300\" srcset=\"https:\/\/tiancheng.click\/wp-content\/uploads\/2025\/12\/icolors_disney_tsumtsum_wireless_earphone_tigger-1-300x300.jpg 300w, https:\/\/tiancheng.click\/wp-content\/uploads\/2025\/12\/icolors_disney_tsumtsum_wireless_earphone_tigger-1-150x150.jpg 150w, https:\/\/tiancheng.click\/wp-content\/uploads\/2025\/12\/icolors_disney_tsumtsum_wireless_earphone_tigger-1-12x12.jpg 12w, https:\/\/tiancheng.click\/wp-content\/uploads\/2025\/12\/icolors_disney_tsumtsum_wireless_earphone_tigger-1-100x100.jpg 100w, https:\/\/tiancheng.click\/wp-content\/uploads\/2025\/12\/icolors_disney_tsumtsum_wireless_earphone_tigger-1.jpg 600w\" sizes=\"(max-width: 300px) 100vw, 300px\" \/> <img loading=\"lazy\" decoding=\"async\" class=\"alignnone size-medium wp-image-7941\" src=\"https:\/\/tiancheng.click\/wp-content\/uploads\/2025\/12\/icolors_disney_tsumtsum_wireless_earphone_pooh-1-300x300.jpg\" alt=\"\" width=\"300\" height=\"300\" srcset=\"https:\/\/tiancheng.click\/wp-content\/uploads\/2025\/12\/icolors_disney_tsumtsum_wireless_earphone_pooh-1-300x300.jpg 300w, https:\/\/tiancheng.click\/wp-content\/uploads\/2025\/12\/icolors_disney_tsumtsum_wireless_earphone_pooh-1-150x150.jpg 150w, https:\/\/tiancheng.click\/wp-content\/uploads\/2025\/12\/icolors_disney_tsumtsum_wireless_earphone_pooh-1-12x12.jpg 12w, https:\/\/tiancheng.click\/wp-content\/uploads\/2025\/12\/icolors_disney_tsumtsum_wireless_earphone_pooh-1-100x100.jpg 100w, https:\/\/tiancheng.click\/wp-content\/uploads\/2025\/12\/icolors_disney_tsumtsum_wireless_earphone_pooh-1.jpg 600w\" sizes=\"(max-width: 300px) 100vw, 300px\" \/> <img loading=\"lazy\" decoding=\"async\" class=\"alignnone size-medium wp-image-7942\" src=\"https:\/\/tiancheng.click\/wp-content\/uploads\/2025\/12\/icolors_disney_tsumtsum_wireless_earphone_sulley-1-300x300.jpg\" alt=\"\" width=\"300\" height=\"300\" srcset=\"https:\/\/tiancheng.click\/wp-content\/uploads\/2025\/12\/icolors_disney_tsumtsum_wireless_earphone_sulley-1-300x300.jpg 300w, https:\/\/tiancheng.click\/wp-content\/uploads\/2025\/12\/icolors_disney_tsumtsum_wireless_earphone_sulley-1-150x150.jpg 150w, https:\/\/tiancheng.click\/wp-content\/uploads\/2025\/12\/icolors_disney_tsumtsum_wireless_earphone_sulley-1-12x12.jpg 12w, https:\/\/tiancheng.click\/wp-content\/uploads\/2025\/12\/icolors_disney_tsumtsum_wireless_earphone_sulley-1-100x100.jpg 100w, https:\/\/tiancheng.click\/wp-content\/uploads\/2025\/12\/icolors_disney_tsumtsum_wireless_earphone_sulley-1.jpg 600w\" sizes=\"(max-width: 300px) 100vw, 300px\" \/> <img loading=\"lazy\" decoding=\"async\" class=\"alignnone size-medium wp-image-7943\" src=\"https:\/\/tiancheng.click\/wp-content\/uploads\/2025\/12\/icolors_disney_tsumtsum_wireless_earphone_mickey-1-300x300.jpg\" alt=\"\" width=\"300\" height=\"300\" srcset=\"https:\/\/tiancheng.click\/wp-content\/uploads\/2025\/12\/icolors_disney_tsumtsum_wireless_earphone_mickey-1-300x300.jpg 300w, https:\/\/tiancheng.click\/wp-content\/uploads\/2025\/12\/icolors_disney_tsumtsum_wireless_earphone_mickey-1-150x150.jpg 150w, https:\/\/tiancheng.click\/wp-content\/uploads\/2025\/12\/icolors_disney_tsumtsum_wireless_earphone_mickey-1-12x12.jpg 12w, https:\/\/tiancheng.click\/wp-content\/uploads\/2025\/12\/icolors_disney_tsumtsum_wireless_earphone_mickey-1-100x100.jpg 100w, https:\/\/tiancheng.click\/wp-content\/uploads\/2025\/12\/icolors_disney_tsumtsum_wireless_earphone_mickey-1.jpg 600w\" sizes=\"(max-width: 300px) 100vw, 300px\" \/> <img loading=\"lazy\" decoding=\"async\" class=\"alignnone size-medium wp-image-7944\" src=\"https:\/\/tiancheng.click\/wp-content\/uploads\/2025\/12\/icolors_disney_tsumtsum_wireless_earphone_lotso-1-300x300.jpg\" alt=\"\" width=\"300\" height=\"300\" srcset=\"https:\/\/tiancheng.click\/wp-content\/uploads\/2025\/12\/icolors_disney_tsumtsum_wireless_earphone_lotso-1-300x300.jpg 300w, https:\/\/tiancheng.click\/wp-content\/uploads\/2025\/12\/icolors_disney_tsumtsum_wireless_earphone_lotso-1-150x150.jpg 150w, https:\/\/tiancheng.click\/wp-content\/uploads\/2025\/12\/icolors_disney_tsumtsum_wireless_earphone_lotso-1-12x12.jpg 12w, https:\/\/tiancheng.click\/wp-content\/uploads\/2025\/12\/icolors_disney_tsumtsum_wireless_earphone_lotso-1-100x100.jpg 100w, https:\/\/tiancheng.click\/wp-content\/uploads\/2025\/12\/icolors_disney_tsumtsum_wireless_earphone_lotso-1.jpg 600w\" sizes=\"(max-width: 300px) 100vw, 300px\" \/><\/h2>\n<h2>\ud83d\udc7b <strong>10 dise\u00f1os de personajes de Halloween<\/strong><\/h2>\n<div class=\"ds-scroll-area _1210dd7 c03cafe9\">\n<div class=\"ds-scroll-area__gutters\">\n<div class=\"ds-scroll-area__horizontal-gutter\"><\/div>\n<div class=\"ds-scroll-area__vertical-gutter\"><\/div>\n<\/div>\n<table style=\"height: 332px;\" width=\"1374\">\n<thead>\n<tr>\n<th>Car\u00e1cter<\/th>\n<th>Tema de estilo<\/th>\n<\/tr>\n<\/thead>\n<tbody>\n<tr>\n<td><strong>Mickey<\/strong><\/td>\n<td>Mickey el Mago<\/td>\n<\/tr>\n<tr>\n<td><strong>Minnie<\/strong><\/td>\n<td>Lazo de calabaza Minnie<\/td>\n<\/tr>\n<tr>\n<td><strong>Winnie the Pooh<\/strong><\/td>\n<td>Hada Pooh<\/td>\n<\/tr>\n<tr>\n<td><strong>Tigger<\/strong><\/td>\n<td>Sombrero de calabaza Tigger<\/td>\n<\/tr>\n<tr>\n<td><strong>Extranjero<\/strong><\/td>\n<td>Peque\u00f1o diablo alien\u00edgena<\/td>\n<\/tr>\n<tr>\n<td><strong>StellaLou<\/strong><\/td>\n<td>La peque\u00f1a diablilla StellaLou<\/td>\n<\/tr>\n<tr>\n<td><strong>Sulley<\/strong><\/td>\n<td>Gafas de sol Sulley<\/td>\n<\/tr>\n<tr>\n<td><strong>Mike Wazowski<\/strong><\/td>\n<td>Miner Mike<\/td>\n<\/tr>\n<tr>\n<td><strong>Margarita<\/strong><\/td>\n<td>Bruja Daisy<\/td>\n<\/tr>\n<tr>\n<td><strong>Lotso<\/strong><\/td>\n<td>Bruja rosa Lotso<\/td>\n<\/tr>\n<\/tbody>\n<\/table>\n<\/div>\n<hr \/>\n<h2>\ud83d\udce6\u00a0<strong>Detalles del producto<\/strong><\/h2>\n<ul>\n<li>\n<p class=\"ds-markdown-paragraph\"><strong>Material<\/strong>: Silicona de grado alimenticio.<\/p>\n<\/li>\n<li>\n<p class=\"ds-markdown-paragraph\"><strong>Compatibilidad<\/strong>: Serie AirPods \/ la mayor\u00eda de estuches para aud\u00edfonos TWS<\/p>\n<\/li>\n<li>\n<p class=\"ds-markdown-paragraph\"><strong>Empaque<\/strong>: Cada paquete independiente + tarjeta tem\u00e1tica de Halloween<\/p>\n<\/li>\n<li>\n<p class=\"ds-markdown-paragraph\"><strong>Conjuntos disponibles<\/strong>: Individual \/ Mezcla de 5 piezas \/ Caja con la colecci\u00f3n completa de 10 piezas<\/p>\n<\/li>\n<\/ul>","protected":false},"excerpt":{"rendered":"<h1>\ud83c\udf83 Serie Disney Halloween \u00b7 Fundas de silicona para aud\u00edfonos con un estilo adorable<\/h1>\n<h2>\ud83e\uddf8\u00a0<strong>Tema de la serie: Noche de Halloween adorable<\/strong><\/h2>\n<p class=\"ds-markdown-paragraph\">\u00a1Los personajes de Disney transformados en adorables estilos de Halloween! Fabricada \u00edntegramente con silicona de grado alimentario, esta colecci\u00f3n mantiene el cl\u00e1sico estilo adorable y a\u00f1ade un toque festivo y divertido a tus aud\u00edfonos.<\/p>\n<div class=\"ds-scroll-area _1210dd7 c03cafe9\">\n<hr \/>\n<h2>\ud83c\udfa8\u00a0<strong>Caracter\u00edsticas de la colecci\u00f3n<\/strong><\/h2>\n<p class=\"ds-markdown-paragraph\">\u2705 Moldeado de silicona de una sola pieza, suave y resistente a las ca\u00eddas.<br \/>\n\u2705 Dise\u00f1o bonito, festivo pero no aterrador.<br \/>\n\u2705 Ligero y port\u00e1til, f\u00e1cil de guardar.<br \/>\n\u2705 Paleta de colores suaves, ambiente perfecto para Halloween.<\/p>\n<hr \/>\n<h2>\ud83c\udfaf\u00a0<strong>Perfecto para<\/strong><\/h2>\n<ul>\n<li>\n<p class=\"ds-markdown-paragraph\">Accesorios para fiestas de Halloween<\/p>\n<\/li>\n<li>\n<p class=\"ds-markdown-paragraph\">Estilo diario adorable<\/p>\n<\/li>\n<li>\n<p class=\"ds-markdown-paragraph\">Regalos navide\u00f1os<\/p>\n<\/li>\n<li>\n<p class=\"ds-markdown-paragraph\">Coleccionistas de art\u00edculos tem\u00e1ticos de Disney<\/p>\n<\/li>\n<\/ul>\n<\/div>","protected":false},"featured_media":5265,"comment_status":"open","ping_status":"closed","template":"","meta":[],"product_brand":[],"product_cat":[15,39],"product_tag":[],"class_list":{"0":"post-5052","1":"product","2":"type-product","3":"status-publish","4":"has-post-thumbnail","6":"product_cat-character-goods","7":"product_cat-3c-silicone-accessory-series","9":"first","10":"instock","11":"shipping-taxable","12":"product-type-simple"},"_links":{"self":[{"href":"https:\/\/tiancheng.click\/es\/wp-json\/wp\/v2\/product\/5052","targetHints":{"allow":["GET"]}}],"collection":[{"href":"https:\/\/tiancheng.click\/es\/wp-json\/wp\/v2\/product"}],"about":[{"href":"https:\/\/tiancheng.click\/es\/wp-json\/wp\/v2\/types\/product"}],"replies":[{"embeddable":true,"href":"https:\/\/tiancheng.click\/es\/wp-json\/wp\/v2\/comments?post=5052"}],"wp:featuredmedia":[{"embeddable":true,"href":"https:\/\/tiancheng.click\/es\/wp-json\/wp\/v2\/media\/5265"}],"wp:attachment":[{"href":"https:\/\/tiancheng.click\/es\/wp-json\/wp\/v2\/media?parent=5052"}],"wp:term":[{"taxonomy":"product_brand","embeddable":true,"href":"https:\/\/tiancheng.click\/es\/wp-json\/wp\/v2\/product_brand?post=5052"},{"taxonomy":"product_cat","embeddable":true,"href":"https:\/\/tiancheng.click\/es\/wp-json\/wp\/v2\/product_cat?post=5052"},{"taxonomy":"product_tag","embeddable":true,"href":"https:\/\/tiancheng.click\/es\/wp-json\/wp\/v2\/product_tag?post=5052"}],"curies":[{"name":"wp","href":"https:\/\/api.w.org\/{rel}","templated":true}]}}