{"id":5056,"date":"2025-12-22T10:38:31","date_gmt":"2025-12-22T02:38:31","guid":{"rendered":"https:\/\/tiancheng.click\/?post_type=product&#038;p=5056"},"modified":"2026-01-14T17:36:48","modified_gmt":"2026-01-14T09:36:48","slug":"coleccion-de-pulseras-con-dijes-apilables-de-personajes-de-disney-optimizada-para-seo","status":"publish","type":"product","link":"https:\/\/tiancheng.click\/es\/product\/coleccion-de-pulseras-con-dijes-apilables-de-personajes-de-disney-optimizada-para-seo\/","title":{"rendered":"Disney \u00b7 Colecci\u00f3n de pulseras con dijes de silicona apilables"},"content":{"rendered":"<h3>Proceso de fabricaci\u00f3n del producto<\/h3>\n<h4>Client Input \u2192 3D Design \u2192 Mold Making \u2192 LSR Mixing \u2192 Injection Molding \u2192 Surface Treatment \u2192 Pad Printing \u2192 Curing \u2192 Accessory Assembly \u2192 100% Inspection \u2192 Individual Packaging \u2192 Bulk Packing \u2192 Shipping<\/h4>\n<p><img fetchpriority=\"high\" decoding=\"async\" class=\"alignnone wp-image-7635\" src=\"https:\/\/tiancheng.click\/wp-content\/uploads\/2025\/12\/\u751c\u8336\u840c\u7c92sku_0012_\u80cc\u666f-2-300x300.jpg\" alt=\"\" width=\"1511\" height=\"1511\" srcset=\"https:\/\/tiancheng.click\/wp-content\/uploads\/2025\/12\/\u751c\u8336\u840c\u7c92sku_0012_\u80cc\u666f-2-300x300.jpg 300w, https:\/\/tiancheng.click\/wp-content\/uploads\/2025\/12\/\u751c\u8336\u840c\u7c92sku_0012_\u80cc\u666f-2-150x150.jpg 150w, https:\/\/tiancheng.click\/wp-content\/uploads\/2025\/12\/\u751c\u8336\u840c\u7c92sku_0012_\u80cc\u666f-2-768x768.jpg 768w, https:\/\/tiancheng.click\/wp-content\/uploads\/2025\/12\/\u751c\u8336\u840c\u7c92sku_0012_\u80cc\u666f-2-12x12.jpg 12w, https:\/\/tiancheng.click\/wp-content\/uploads\/2025\/12\/\u751c\u8336\u840c\u7c92sku_0012_\u80cc\u666f-2-600x600.jpg 600w, https:\/\/tiancheng.click\/wp-content\/uploads\/2025\/12\/\u751c\u8336\u840c\u7c92sku_0012_\u80cc\u666f-2-100x100.jpg 100w, https:\/\/tiancheng.click\/wp-content\/uploads\/2025\/12\/\u751c\u8336\u840c\u7c92sku_0012_\u80cc\u666f-2.jpg 800w\" sizes=\"(max-width: 1511px) 100vw, 1511px\" \/><\/p>\n<hr \/>\n<h2>\ud83c\udfa8\u00a0<strong>Descripci\u00f3n general de la colecci\u00f3n: Apilar y combinar<\/strong><\/h2>\n<p class=\"ds-markdown-paragraph\">Features stackable silicone character heads from beloved Disney duos, each set paired with a colorful matching bracelet. Designed for layering, playfulness, and collectibility, these bracelets bring Disney magic to your wrist\u2014and even to your bag can.<\/p>\n<div class=\"ds-scroll-area _1210dd7 c03cafe9\">\n<div class=\"auto-hide-last-sibling-br paragraph-pP9ZLC paragraph-element br-paragraph-space\">Esta serie de 5 modelos de pulseras y llaveros con cuentas de Disney combina un dise\u00f1o moderno con doble funcionalidad y alta calidad:<\/div>\n<ul class=\"auto-hide-last-sibling-br\">\n<li><strong>Artesan\u00eda y dise\u00f1o<\/strong>Cada pieza cuenta con cuentas lisas y brillantes de colores (blanco\/rosa\/verde\/amarillo\/magenta) ensartadas en una c\u00f3moda pulsera de cuentas, combinadas con dijes tridimensionales de personajes de Disney (Minnie, Daisy Duck, Sulley, Tigger, etc.) y detalles decorativos (coraz\u00f3n, flor, insignia con forma de coraz\u00f3n). Fabricados con cuentas de resina ecol\u00f3gica duradera y dijes de silicona suave, los accesorios son resistentes a la decoloraci\u00f3n y al desgaste.<\/li>\n<li><strong>Funcionalidad de doble uso<\/strong>: Funciona como una elegante pulsera de cuentas para el uso diario y se convierte f\u00e1cilmente en un llavero (mediante el cierre de langosta dorado) para colgar en llaves, bolsos o mochilas, ideal para los fans de Disney de todas las edades.<\/li>\n<li><strong>Ventajas B2B<\/strong>: Ofrecemos un MOQ flexible para pedidos al por mayor, soporte t\u00e9cnico.\u00a0<strong>Colores personalizados de las cuentas, impresi\u00f3n del logotipo en los dijes\/envases y personalizaci\u00f3n del dise\u00f1o de los personajes.<\/strong>\u00a0para alinearse con su marca. Con la certificaci\u00f3n oficial WAC, que garantiza procesos mayoristas transparentes y env\u00edos FOB para la log\u00edstica global, esta colecci\u00f3n es un producto de alta demanda y alto margen para las empresas de productos de propiedad intelectual, accesorios y regalos.<\/li>\n<\/ul>\n<\/div>\n<p>&nbsp;<\/p>\n<p><img decoding=\"async\" class=\"alignnone size-medium wp-image-7630\" src=\"https:\/\/tiancheng.click\/wp-content\/uploads\/2025\/12\/\u8fea\u58eb\u5c3c\u677e\u677e\u53e0\u53e0\u4e50_0004_\u53e0\u53e0\u4e50\u7c73\u5947\u7c73\u59aesku-1-300x300.jpg\" alt=\"\" width=\"300\" height=\"300\" srcset=\"https:\/\/tiancheng.click\/wp-content\/uploads\/2025\/12\/\u8fea\u58eb\u5c3c\u677e\u677e\u53e0\u53e0\u4e50_0004_\u53e0\u53e0\u4e50\u7c73\u5947\u7c73\u59aesku-1-300x300.jpg 300w, https:\/\/tiancheng.click\/wp-content\/uploads\/2025\/12\/\u8fea\u58eb\u5c3c\u677e\u677e\u53e0\u53e0\u4e50_0004_\u53e0\u53e0\u4e50\u7c73\u5947\u7c73\u59aesku-1-150x150.jpg 150w, https:\/\/tiancheng.click\/wp-content\/uploads\/2025\/12\/\u8fea\u58eb\u5c3c\u677e\u677e\u53e0\u53e0\u4e50_0004_\u53e0\u53e0\u4e50\u7c73\u5947\u7c73\u59aesku-1-768x768.jpg 768w, https:\/\/tiancheng.click\/wp-content\/uploads\/2025\/12\/\u8fea\u58eb\u5c3c\u677e\u677e\u53e0\u53e0\u4e50_0004_\u53e0\u53e0\u4e50\u7c73\u5947\u7c73\u59aesku-1-12x12.jpg 12w, https:\/\/tiancheng.click\/wp-content\/uploads\/2025\/12\/\u8fea\u58eb\u5c3c\u677e\u677e\u53e0\u53e0\u4e50_0004_\u53e0\u53e0\u4e50\u7c73\u5947\u7c73\u59aesku-1-600x600.jpg 600w, https:\/\/tiancheng.click\/wp-content\/uploads\/2025\/12\/\u8fea\u58eb\u5c3c\u677e\u677e\u53e0\u53e0\u4e50_0004_\u53e0\u53e0\u4e50\u7c73\u5947\u7c73\u59aesku-1-100x100.jpg 100w, https:\/\/tiancheng.click\/wp-content\/uploads\/2025\/12\/\u8fea\u58eb\u5c3c\u677e\u677e\u53e0\u53e0\u4e50_0004_\u53e0\u53e0\u4e50\u7c73\u5947\u7c73\u59aesku-1.jpg 800w\" sizes=\"(max-width: 300px) 100vw, 300px\" \/> <img decoding=\"async\" class=\"alignnone size-medium wp-image-7631\" src=\"https:\/\/tiancheng.click\/wp-content\/uploads\/2025\/12\/\u8fea\u58eb\u5c3c\u677e\u677e\u53e0\u53e0\u4e50_0000_\u53e0\u53e0\u4e50\u9edb\u897f\u5510\u8001\u9e2dsku-2-300x300.jpg\" alt=\"\" width=\"300\" height=\"300\" srcset=\"https:\/\/tiancheng.click\/wp-content\/uploads\/2025\/12\/\u8fea\u58eb\u5c3c\u677e\u677e\u53e0\u53e0\u4e50_0000_\u53e0\u53e0\u4e50\u9edb\u897f\u5510\u8001\u9e2dsku-2-300x300.jpg 300w, https:\/\/tiancheng.click\/wp-content\/uploads\/2025\/12\/\u8fea\u58eb\u5c3c\u677e\u677e\u53e0\u53e0\u4e50_0000_\u53e0\u53e0\u4e50\u9edb\u897f\u5510\u8001\u9e2dsku-2-150x150.jpg 150w, https:\/\/tiancheng.click\/wp-content\/uploads\/2025\/12\/\u8fea\u58eb\u5c3c\u677e\u677e\u53e0\u53e0\u4e50_0000_\u53e0\u53e0\u4e50\u9edb\u897f\u5510\u8001\u9e2dsku-2-768x768.jpg 768w, https:\/\/tiancheng.click\/wp-content\/uploads\/2025\/12\/\u8fea\u58eb\u5c3c\u677e\u677e\u53e0\u53e0\u4e50_0000_\u53e0\u53e0\u4e50\u9edb\u897f\u5510\u8001\u9e2dsku-2-12x12.jpg 12w, https:\/\/tiancheng.click\/wp-content\/uploads\/2025\/12\/\u8fea\u58eb\u5c3c\u677e\u677e\u53e0\u53e0\u4e50_0000_\u53e0\u53e0\u4e50\u9edb\u897f\u5510\u8001\u9e2dsku-2-600x600.jpg 600w, https:\/\/tiancheng.click\/wp-content\/uploads\/2025\/12\/\u8fea\u58eb\u5c3c\u677e\u677e\u53e0\u53e0\u4e50_0000_\u53e0\u53e0\u4e50\u9edb\u897f\u5510\u8001\u9e2dsku-2-100x100.jpg 100w, https:\/\/tiancheng.click\/wp-content\/uploads\/2025\/12\/\u8fea\u58eb\u5c3c\u677e\u677e\u53e0\u53e0\u4e50_0000_\u53e0\u53e0\u4e50\u9edb\u897f\u5510\u8001\u9e2dsku-2.jpg 800w\" sizes=\"(max-width: 300px) 100vw, 300px\" \/> <img loading=\"lazy\" decoding=\"async\" class=\"alignnone size-medium wp-image-7632\" src=\"https:\/\/tiancheng.click\/wp-content\/uploads\/2025\/12\/\u8fea\u58eb\u5c3c\u677e\u677e\u53e0\u53e0\u4e50_0001_\u53e0\u53e0\u6bdb\u602a\u5927\u773csku-1-300x300.jpg\" alt=\"\" width=\"300\" height=\"300\" srcset=\"https:\/\/tiancheng.click\/wp-content\/uploads\/2025\/12\/\u8fea\u58eb\u5c3c\u677e\u677e\u53e0\u53e0\u4e50_0001_\u53e0\u53e0\u6bdb\u602a\u5927\u773csku-1-300x300.jpg 300w, https:\/\/tiancheng.click\/wp-content\/uploads\/2025\/12\/\u8fea\u58eb\u5c3c\u677e\u677e\u53e0\u53e0\u4e50_0001_\u53e0\u53e0\u6bdb\u602a\u5927\u773csku-1-150x150.jpg 150w, https:\/\/tiancheng.click\/wp-content\/uploads\/2025\/12\/\u8fea\u58eb\u5c3c\u677e\u677e\u53e0\u53e0\u4e50_0001_\u53e0\u53e0\u6bdb\u602a\u5927\u773csku-1-768x768.jpg 768w, https:\/\/tiancheng.click\/wp-content\/uploads\/2025\/12\/\u8fea\u58eb\u5c3c\u677e\u677e\u53e0\u53e0\u4e50_0001_\u53e0\u53e0\u6bdb\u602a\u5927\u773csku-1-12x12.jpg 12w, https:\/\/tiancheng.click\/wp-content\/uploads\/2025\/12\/\u8fea\u58eb\u5c3c\u677e\u677e\u53e0\u53e0\u4e50_0001_\u53e0\u53e0\u6bdb\u602a\u5927\u773csku-1-600x600.jpg 600w, https:\/\/tiancheng.click\/wp-content\/uploads\/2025\/12\/\u8fea\u58eb\u5c3c\u677e\u677e\u53e0\u53e0\u4e50_0001_\u53e0\u53e0\u6bdb\u602a\u5927\u773csku-1-100x100.jpg 100w, https:\/\/tiancheng.click\/wp-content\/uploads\/2025\/12\/\u8fea\u58eb\u5c3c\u677e\u677e\u53e0\u53e0\u4e50_0001_\u53e0\u53e0\u6bdb\u602a\u5927\u773csku-1.jpg 800w\" sizes=\"(max-width: 300px) 100vw, 300px\" \/> <img loading=\"lazy\" decoding=\"async\" class=\"alignnone size-medium wp-image-7633\" src=\"https:\/\/tiancheng.click\/wp-content\/uploads\/2025\/12\/\u8fea\u58eb\u5c3c\u677e\u677e\u53e0\u53e0\u4e50_0002_\u53e0\u53e0\u4e50\u7ef4\u5c3c\u8df3\u8df3\u864esku-1-300x300.jpg\" alt=\"\" width=\"300\" height=\"300\" srcset=\"https:\/\/tiancheng.click\/wp-content\/uploads\/2025\/12\/\u8fea\u58eb\u5c3c\u677e\u677e\u53e0\u53e0\u4e50_0002_\u53e0\u53e0\u4e50\u7ef4\u5c3c\u8df3\u8df3\u864esku-1-300x300.jpg 300w, https:\/\/tiancheng.click\/wp-content\/uploads\/2025\/12\/\u8fea\u58eb\u5c3c\u677e\u677e\u53e0\u53e0\u4e50_0002_\u53e0\u53e0\u4e50\u7ef4\u5c3c\u8df3\u8df3\u864esku-1-150x150.jpg 150w, https:\/\/tiancheng.click\/wp-content\/uploads\/2025\/12\/\u8fea\u58eb\u5c3c\u677e\u677e\u53e0\u53e0\u4e50_0002_\u53e0\u53e0\u4e50\u7ef4\u5c3c\u8df3\u8df3\u864esku-1-768x768.jpg 768w, https:\/\/tiancheng.click\/wp-content\/uploads\/2025\/12\/\u8fea\u58eb\u5c3c\u677e\u677e\u53e0\u53e0\u4e50_0002_\u53e0\u53e0\u4e50\u7ef4\u5c3c\u8df3\u8df3\u864esku-1-12x12.jpg 12w, https:\/\/tiancheng.click\/wp-content\/uploads\/2025\/12\/\u8fea\u58eb\u5c3c\u677e\u677e\u53e0\u53e0\u4e50_0002_\u53e0\u53e0\u4e50\u7ef4\u5c3c\u8df3\u8df3\u864esku-1-600x600.jpg 600w, https:\/\/tiancheng.click\/wp-content\/uploads\/2025\/12\/\u8fea\u58eb\u5c3c\u677e\u677e\u53e0\u53e0\u4e50_0002_\u53e0\u53e0\u4e50\u7ef4\u5c3c\u8df3\u8df3\u864esku-1-100x100.jpg 100w, https:\/\/tiancheng.click\/wp-content\/uploads\/2025\/12\/\u8fea\u58eb\u5c3c\u677e\u677e\u53e0\u53e0\u4e50_0002_\u53e0\u53e0\u4e50\u7ef4\u5c3c\u8df3\u8df3\u864esku-1.jpg 800w\" sizes=\"(max-width: 300px) 100vw, 300px\" \/> <img loading=\"lazy\" decoding=\"async\" class=\"alignnone size-medium wp-image-7634\" src=\"https:\/\/tiancheng.click\/wp-content\/uploads\/2025\/12\/\u8fea\u58eb\u5c3c\u677e\u677e\u53e0\u53e0\u4e50_0003_\u53e0\u53e0\u4e50\u4e09\u773c\u8349\u8393\u718asku-1-300x300.jpg\" alt=\"\" width=\"300\" height=\"300\" srcset=\"https:\/\/tiancheng.click\/wp-content\/uploads\/2025\/12\/\u8fea\u58eb\u5c3c\u677e\u677e\u53e0\u53e0\u4e50_0003_\u53e0\u53e0\u4e50\u4e09\u773c\u8349\u8393\u718asku-1-300x300.jpg 300w, https:\/\/tiancheng.click\/wp-content\/uploads\/2025\/12\/\u8fea\u58eb\u5c3c\u677e\u677e\u53e0\u53e0\u4e50_0003_\u53e0\u53e0\u4e50\u4e09\u773c\u8349\u8393\u718asku-1-150x150.jpg 150w, https:\/\/tiancheng.click\/wp-content\/uploads\/2025\/12\/\u8fea\u58eb\u5c3c\u677e\u677e\u53e0\u53e0\u4e50_0003_\u53e0\u53e0\u4e50\u4e09\u773c\u8349\u8393\u718asku-1-768x768.jpg 768w, https:\/\/tiancheng.click\/wp-content\/uploads\/2025\/12\/\u8fea\u58eb\u5c3c\u677e\u677e\u53e0\u53e0\u4e50_0003_\u53e0\u53e0\u4e50\u4e09\u773c\u8349\u8393\u718asku-1-12x12.jpg 12w, https:\/\/tiancheng.click\/wp-content\/uploads\/2025\/12\/\u8fea\u58eb\u5c3c\u677e\u677e\u53e0\u53e0\u4e50_0003_\u53e0\u53e0\u4e50\u4e09\u773c\u8349\u8393\u718asku-1-600x600.jpg 600w, https:\/\/tiancheng.click\/wp-content\/uploads\/2025\/12\/\u8fea\u58eb\u5c3c\u677e\u677e\u53e0\u53e0\u4e50_0003_\u53e0\u53e0\u4e50\u4e09\u773c\u8349\u8393\u718asku-1-100x100.jpg 100w, https:\/\/tiancheng.click\/wp-content\/uploads\/2025\/12\/\u8fea\u58eb\u5c3c\u677e\u677e\u53e0\u53e0\u4e50_0003_\u53e0\u53e0\u4e50\u4e09\u773c\u8349\u8393\u718asku-1.jpg 800w\" sizes=\"(max-width: 300px) 100vw, 300px\" \/><\/p>\n<hr \/>\n<p>Caracter\u00edsticas principales<br \/>\n\u2728 Conjunto de dos caracteres: cada pulsera incluye un par de caracteres a juego.<br \/>\n\u2728 Dise\u00f1o tem\u00e1tico por colores: cada paleta de colores refleja la personalidad del d\u00fao de personajes.<br \/>\n\u2728 Apilamiento divertido: fomenta el estilo creativo y la narraci\u00f3n visual.<\/p>\n<p>Explora nuestro\u00a0<strong>Colecci\u00f3n de pulseras y llaveros con cuentas con licencia oficial de Disney (5 estilos)<\/strong>\u2014una l\u00ednea moderna de accesorios de doble uso con abalorios y colgantes de personajes emblem\u00e1ticos de Disney, dise\u00f1ados como elegantes pulseras de abalorios y pr\u00e1cticos llaveros. Esta colecci\u00f3n, que combina el aut\u00e9ntico encanto de Disney con una artesan\u00eda de primera calidad, es una de las opciones preferidas de minoristas, distribuidores de regalos y socios de merchandising de propiedad intelectual de todo el mundo. Ofrecemos asistencia\u00a0<strong>Condiciones de env\u00edo FOB<\/strong>\u00a0para env\u00edos a todo el mundo, retener oficial\u00a0<strong>Certificaci\u00f3n WAC<\/strong>\u00a0para una cooperaci\u00f3n mayorista conforme a las normas, y ofrecemos una personalizaci\u00f3n flexible para pedidos al por mayor.<\/p>","protected":false},"excerpt":{"rendered":"<h1>Disney \u00b7 Colecci\u00f3n de pulseras con dijes de silicona apilables<\/h1>\n<div class=\"ds-scroll-area _1210dd7 c03cafe9\">\n<hr \/>\n<p>\ud83d\udccf Especificaciones del producto<\/p>\n<p>Material: silicona de grado alimenticio (pulsera y dijes).<\/p>\n<p>Di\u00e1metro del charm: aproximadamente 2 cm por cabeza de personaje.<\/p>\n<p>Empaque: Empaque individual en bolsa de pl\u00e1stico.<\/p>\n<p>Licencia: Producto con licencia oficial de Disney.<\/p>\n<hr \/>\n<p>\ud83e\uddf8 Escenarios de uso<\/p>\n<p>Ropa para el d\u00eda a d\u00eda con estilos en capas<\/p>\n<p>Visitas a los parques Disney y fiestas tem\u00e1ticas<\/p>\n<p>Pulseras de la amistad con temas de personajes emparejados<\/p>\n<h2>\ud83d\udd17 <strong>Dise\u00f1o y funcionalidad<\/strong><\/h2>\n<p class=\"ds-markdown-paragraph\">\u2705\u00a0<strong>Dijes apilables<\/strong>: Las cabezas de los personajes se pueden apilar juntas en una pulsera.<br \/>\n\u2705\u00a0<strong>Dijes no desmontables<\/strong>: Los dijes est\u00e1n fijados de manera permanente a la pulsera para mayor durabilidad.<\/p>\n<\/div>","protected":false},"featured_media":5539,"comment_status":"open","ping_status":"closed","template":"","meta":[],"product_brand":[],"product_cat":[15,37],"product_tag":[],"class_list":{"0":"post-5056","1":"product","2":"type-product","3":"status-publish","4":"has-post-thumbnail","6":"product_cat-character-goods","7":"product_cat-silicone-rubber-figurine-keychain-and-plush-toy-accessories-series","9":"first","10":"instock","11":"shipping-taxable","12":"product-type-simple"},"_links":{"self":[{"href":"https:\/\/tiancheng.click\/es\/wp-json\/wp\/v2\/product\/5056","targetHints":{"allow":["GET"]}}],"collection":[{"href":"https:\/\/tiancheng.click\/es\/wp-json\/wp\/v2\/product"}],"about":[{"href":"https:\/\/tiancheng.click\/es\/wp-json\/wp\/v2\/types\/product"}],"replies":[{"embeddable":true,"href":"https:\/\/tiancheng.click\/es\/wp-json\/wp\/v2\/comments?post=5056"}],"wp:featuredmedia":[{"embeddable":true,"href":"https:\/\/tiancheng.click\/es\/wp-json\/wp\/v2\/media\/5539"}],"wp:attachment":[{"href":"https:\/\/tiancheng.click\/es\/wp-json\/wp\/v2\/media?parent=5056"}],"wp:term":[{"taxonomy":"product_brand","embeddable":true,"href":"https:\/\/tiancheng.click\/es\/wp-json\/wp\/v2\/product_brand?post=5056"},{"taxonomy":"product_cat","embeddable":true,"href":"https:\/\/tiancheng.click\/es\/wp-json\/wp\/v2\/product_cat?post=5056"},{"taxonomy":"product_tag","embeddable":true,"href":"https:\/\/tiancheng.click\/es\/wp-json\/wp\/v2\/product_tag?post=5056"}],"curies":[{"name":"wp","href":"https:\/\/api.w.org\/{rel}","templated":true}]}}