{"id":5682,"date":"2025-12-27T17:20:48","date_gmt":"2025-12-27T09:20:48","guid":{"rendered":"https:\/\/tiancheng.click\/?post_type=product&#038;p=5682"},"modified":"2026-01-14T08:49:38","modified_gmt":"2026-01-14T00:49:38","slug":"llaveros-disney-driving-adventure","status":"publish","type":"product","link":"https:\/\/tiancheng.click\/es\/product\/llaveros-disney-driving-adventure\/","title":{"rendered":"Llavero con licencia de Disney \u00b7 Colecci\u00f3n Driving Adventure"},"content":{"rendered":"<div data-page-id=\"ZRJCfrZnndGhiwcvgdvcxwZVnQf\" data-lark-html-role=\"root\" data-docx-has-block-data=\"false\">\n<div>\n<h3>Proceso de fabricaci\u00f3n del producto<\/h3>\n<h4>Client Input \u2192 3D Design \u2192 Mold Making \u2192 LSR Mixing \u2192 Injection Molding \u2192 Surface Treatment \u2192 Pad Printing \u2192 Curing \u2192 Accessory Assembly \u2192 100% Inspection \u2192 Individual Packaging \u2192 Bulk Packing \u2192 Shipping<\/h4>\n<\/div>\n<div><img fetchpriority=\"high\" decoding=\"async\" class=\"alignnone wp-image-7616\" src=\"https:\/\/tiancheng.click\/wp-content\/uploads\/2025\/12\/\u672a\u547d\u540d\u56fe\u7247-3-300x300.png\" alt=\"\" width=\"1714\" height=\"1714\" srcset=\"https:\/\/tiancheng.click\/wp-content\/uploads\/2025\/12\/\u672a\u547d\u540d\u56fe\u7247-3-300x300.png 300w, https:\/\/tiancheng.click\/wp-content\/uploads\/2025\/12\/\u672a\u547d\u540d\u56fe\u7247-3-150x150.png 150w, https:\/\/tiancheng.click\/wp-content\/uploads\/2025\/12\/\u672a\u547d\u540d\u56fe\u7247-3-768x768.png 768w, https:\/\/tiancheng.click\/wp-content\/uploads\/2025\/12\/\u672a\u547d\u540d\u56fe\u7247-3-12x12.png 12w, https:\/\/tiancheng.click\/wp-content\/uploads\/2025\/12\/\u672a\u547d\u540d\u56fe\u7247-3-600x600.png 600w, https:\/\/tiancheng.click\/wp-content\/uploads\/2025\/12\/\u672a\u547d\u540d\u56fe\u7247-3-100x100.png 100w, https:\/\/tiancheng.click\/wp-content\/uploads\/2025\/12\/\u672a\u547d\u540d\u56fe\u7247-3.png 800w\" sizes=\"(max-width: 1714px) 100vw, 1714px\" \/><\/div>\n<div>\n<h4><strong>Minnie Mouse (Red-Pink Sweet Style)\u3001<\/strong><strong>Donald Duck (Blue-Teal Playful Style)&amp;<\/strong><strong>Mickey Mouse (estilo cl\u00e1sico rojo y negro)<\/strong><\/h4>\n<\/div>\n<div class=\"ace-line ace-line old-record-id-BH60fvOjRdP7i7c2Fhfc5DbHn1c\"><img decoding=\"async\" class=\"alignnone size-medium wp-image-6978\" src=\"https:\/\/tiancheng.click\/wp-content\/uploads\/2025\/12\/\u4ea7\u54c1-300x283.png\" alt=\"\" width=\"300\" height=\"283\" srcset=\"https:\/\/tiancheng.click\/wp-content\/uploads\/2025\/12\/\u4ea7\u54c1-300x283.png 300w, https:\/\/tiancheng.click\/wp-content\/uploads\/2025\/12\/\u4ea7\u54c1-1024x965.png 1024w, https:\/\/tiancheng.click\/wp-content\/uploads\/2025\/12\/\u4ea7\u54c1-768x723.png 768w, https:\/\/tiancheng.click\/wp-content\/uploads\/2025\/12\/\u4ea7\u54c1-1536x1447.png 1536w, https:\/\/tiancheng.click\/wp-content\/uploads\/2025\/12\/\u4ea7\u54c1-13x12.png 13w, https:\/\/tiancheng.click\/wp-content\/uploads\/2025\/12\/\u4ea7\u54c1-600x565.png 600w, https:\/\/tiancheng.click\/wp-content\/uploads\/2025\/12\/\u4ea7\u54c1.png 2048w\" sizes=\"(max-width: 300px) 100vw, 300px\" \/> <img decoding=\"async\" class=\"alignnone size-medium wp-image-6979\" src=\"https:\/\/tiancheng.click\/wp-content\/uploads\/2025\/12\/\u4ea7\u54c1-2-300x270.png\" alt=\"\" width=\"300\" height=\"270\" srcset=\"https:\/\/tiancheng.click\/wp-content\/uploads\/2025\/12\/\u4ea7\u54c1-2-300x270.png 300w, https:\/\/tiancheng.click\/wp-content\/uploads\/2025\/12\/\u4ea7\u54c1-2-1024x922.png 1024w, https:\/\/tiancheng.click\/wp-content\/uploads\/2025\/12\/\u4ea7\u54c1-2-768x692.png 768w, https:\/\/tiancheng.click\/wp-content\/uploads\/2025\/12\/\u4ea7\u54c1-2-1536x1383.png 1536w, https:\/\/tiancheng.click\/wp-content\/uploads\/2025\/12\/\u4ea7\u54c1-2-13x12.png 13w, https:\/\/tiancheng.click\/wp-content\/uploads\/2025\/12\/\u4ea7\u54c1-2-600x540.png 600w, https:\/\/tiancheng.click\/wp-content\/uploads\/2025\/12\/\u4ea7\u54c1-2.png 2048w\" sizes=\"(max-width: 300px) 100vw, 300px\" \/><img loading=\"lazy\" decoding=\"async\" class=\"alignnone size-medium wp-image-7617\" src=\"https:\/\/tiancheng.click\/wp-content\/uploads\/2025\/12\/\u4ea7\u54c1-1-1-300x272.png\" alt=\"\" width=\"300\" height=\"272\" srcset=\"https:\/\/tiancheng.click\/wp-content\/uploads\/2025\/12\/\u4ea7\u54c1-1-1-300x272.png 300w, https:\/\/tiancheng.click\/wp-content\/uploads\/2025\/12\/\u4ea7\u54c1-1-1-1024x929.png 1024w, https:\/\/tiancheng.click\/wp-content\/uploads\/2025\/12\/\u4ea7\u54c1-1-1-768x697.png 768w, https:\/\/tiancheng.click\/wp-content\/uploads\/2025\/12\/\u4ea7\u54c1-1-1-1536x1394.png 1536w, https:\/\/tiancheng.click\/wp-content\/uploads\/2025\/12\/\u4ea7\u54c1-1-1-13x12.png 13w, https:\/\/tiancheng.click\/wp-content\/uploads\/2025\/12\/\u4ea7\u54c1-1-1-600x544.png 600w, https:\/\/tiancheng.click\/wp-content\/uploads\/2025\/12\/\u4ea7\u54c1-1-1.png 2048w\" sizes=\"(max-width: 300px) 100vw, 300px\" \/><\/div>\n<div class=\"ace-line ace-line old-record-id-BH60fvOjRdP7i7c2Fhfc5DbHn1c\">\u00a1Descubra el enorme potencial de mercado con nuestra colecci\u00f3n de llaveros \u201cCute Drive\u201d con licencia oficial de Disney! Como socio B2B, no solo est\u00e1 comprando un producto, sino que est\u00e1 aprovechando la propiedad intelectual m\u00e1s querida del mundo para aumentar el tr\u00e1fico de clientes, impulsar las conversiones y ampliar sus m\u00e1rgenes de ganancia. Cada llavero de esta colecci\u00f3n presenta una exquisita artesan\u00eda: las figuras de los personajes en relieve 3D son v\u00edvidas y realistas, y se combinan con dise\u00f1os de coches retro que desprenden un encanto divertido; el material de PVC ecol\u00f3gico garantiza texturas suaves y una retenci\u00f3n del color duradera, mientras que el cierre met\u00e1lico reforzado y el cord\u00f3n de tejido tupido garantizan un uso fiable. Dise\u00f1ada para los canales minoristas, de regalos y de obsequios corporativos a nivel mundial, esta colecci\u00f3n convierte el atractivo universal de Disney para los fans en resultados comerciales tangibles. Adem\u00e1s, ofrecemos servicios de personalizaci\u00f3n flexibles para satisfacer sus necesidades espec\u00edficas, lo que le permitir\u00e1 destacar m\u00e1s f\u00e1cilmente en el mercado.<\/div>\n<\/div>","protected":false},"excerpt":{"rendered":"<div data-page-id=\"ZRJCfrZnndGhiwcvgdvcxwZVnQf\" data-lark-html-role=\"root\" data-docx-has-block-data=\"false\">\n<h3 class=\"heading-3 ace-line old-record-id-OmpWfuDZWdia6JcVvgJcB8r3nIg\">1. El poder global de la propiedad intelectual de Disney: mercadotecnia sin costo, atractivo instant\u00e1neo para los clientes.<\/h3>\n<div class=\"ace-line ace-line old-record-id-Ec8BfebNIdydQfc6WTycwczynhh\">Con tres personajes emblem\u00e1ticos de Disney muy queridos por los fans: Minnie Mouse, Mickey Mouse y Donald Duck, cada uno de ellos combinado con un divertido tema de coches retro.<\/div>\n<div class=\"ace-line ace-line old-record-id-Ec8BfebNIdydQfc6WTycwczynhh\">Estos personajes cuentan con d\u00e9cadas de reconocimiento mundial entre todos los grupos de edad, lo que significa que sus clientes los buscar\u00e1n activamente. No se necesitan costosas campa\u00f1as de marketing; el logotipo de Disney por s\u00ed solo genera confianza e intenci\u00f3n de compra, lo que reduce dr\u00e1sticamente los costos de adquisici\u00f3n de clientes.<\/div>\n<h3 class=\"heading-3 ace-line old-record-id-DsemfN6dDd1qFrc006Sc2IjUnKf\">2. Tres referencias de alta conversi\u00f3n: cubren todos los segmentos de consumidores principales.<\/h3>\n<\/div>\n<div><strong>Minnie Mouse (Estilo dulce rojo-rosa)<\/strong>: Dirigido a consumidoras, adolescentes y amantes de los accesorios dulces, perfecto para tiendas de accesorios de moda y boutiques de regalos.<\/div>\n<div><strong>Pato Donald (estilo juguet\u00f3n azul verdoso)<\/strong>: Atrae al p\u00fablico familiar, a los turistas y a los compradores ocasionales, por lo que es ideal para tiendas de regalos de parques tem\u00e1ticos y atracciones tur\u00edsticas.<\/div>\n<div><strong>Mickey Mouse (estilo cl\u00e1sico rojo y negro)<\/strong>: Dise\u00f1o atemporal con gran atractivo, tanto para ni\u00f1os como para adultos; ideal para grandes almacenes, tiendas de juguetes y regalos corporativos.<\/div>\n<h3 class=\"heading-3 ace-line old-record-id-HH7OfrmC9daFFKch9MZccYDkndK\">3. Calidad superior y cumplimiento normativo: distribuci\u00f3n sin riesgos en todo el mundo.<\/h3>\n<div class=\"ace-line ace-line old-record-id-QEkEfyomtddodRc111Sc2hySnRe\">Crafted from eco-friendly, scratch-resistant PVC with vibrant, fade-proof colors, plus a sturdy metal clasp and durable woven lanyard\u2014built to withstand daily use, minimizing returns and post-sales headaches. Fully compliant with global safety standards, and we provide<\/div>\n<div class=\"ace-line ace-line old-record-id-QEkEfyomtddodRc111Sc2hySnRe\">Completa los documentos oficiales de licencia de Disney para garantizar que vendes de forma legal y con confianza en todos los mercados.<\/div>\n<h3 class=\"heading-3 ace-line old-record-id-ZUpkfzjJQdLpKicFDGYcc7vCn5f\">4. Aplicaci\u00f3n vers\u00e1til: maximice sus canales de venta<\/h3>\n<div class=\"ace-line ace-line old-record-id-RBClfJgLzdgXSCcsEVIct3wenjf\">Esta colecci\u00f3n no se limita a un solo canal, sino que es una fuente de ingresos para m\u00faltiples escenarios: tiendas de regalos de parques tem\u00e1ticos, tiendas de accesorios de moda, tiendas de juguetes, paquetes de regalos para fiestas (Navidad, Halloween, Pascua), kits de bienestar para empleados de empresas y premios de colaboraci\u00f3n con marcas. El dise\u00f1o compacto y de bajo precio tambi\u00e9n fomenta las compras impulsivas, lo que aumenta el valor medio de los pedidos. Para adaptarnos mejor a las necesidades de su negocio, ofrecemos opciones de personalizaci\u00f3n completas para pedidos al por mayor: puede a\u00f1adir el logotipo de su marca, su eslogan o combinaciones de colores exclusivas a los cordones, las bases de los productos o los empaques. Ya sea para regalos corporativos, proyectos de marca propia o personalizaci\u00f3n para mercados regionales, nuestro equipo profesional dise\u00f1ar\u00e1 soluciones a medida para ayudarle a mejorar la diferenciaci\u00f3n de su marca y su competitividad en el mercado.<\/div>","protected":false},"featured_media":6977,"comment_status":"open","ping_status":"closed","template":"","meta":[],"product_brand":[],"product_cat":[15,37],"product_tag":[],"class_list":{"0":"post-5682","1":"product","2":"type-product","3":"status-publish","4":"has-post-thumbnail","6":"product_cat-character-goods","7":"product_cat-silicone-rubber-figurine-keychain-and-plush-toy-accessories-series","9":"first","10":"instock","11":"shipping-taxable","12":"product-type-simple"},"_links":{"self":[{"href":"https:\/\/tiancheng.click\/es\/wp-json\/wp\/v2\/product\/5682","targetHints":{"allow":["GET"]}}],"collection":[{"href":"https:\/\/tiancheng.click\/es\/wp-json\/wp\/v2\/product"}],"about":[{"href":"https:\/\/tiancheng.click\/es\/wp-json\/wp\/v2\/types\/product"}],"replies":[{"embeddable":true,"href":"https:\/\/tiancheng.click\/es\/wp-json\/wp\/v2\/comments?post=5682"}],"wp:featuredmedia":[{"embeddable":true,"href":"https:\/\/tiancheng.click\/es\/wp-json\/wp\/v2\/media\/6977"}],"wp:attachment":[{"href":"https:\/\/tiancheng.click\/es\/wp-json\/wp\/v2\/media?parent=5682"}],"wp:term":[{"taxonomy":"product_brand","embeddable":true,"href":"https:\/\/tiancheng.click\/es\/wp-json\/wp\/v2\/product_brand?post=5682"},{"taxonomy":"product_cat","embeddable":true,"href":"https:\/\/tiancheng.click\/es\/wp-json\/wp\/v2\/product_cat?post=5682"},{"taxonomy":"product_tag","embeddable":true,"href":"https:\/\/tiancheng.click\/es\/wp-json\/wp\/v2\/product_tag?post=5682"}],"curies":[{"name":"wp","href":"https:\/\/api.w.org\/{rel}","templated":true}]}}