{"id":5033,"date":"2025-12-22T10:22:37","date_gmt":"2025-12-22T02:22:37","guid":{"rendered":"https:\/\/tiancheng.click\/?post_type=product&#038;p=5033"},"modified":"2026-01-14T09:52:53","modified_gmt":"2026-01-14T01:52:53","slug":"serie-de-porte-cles-en-silicone-disney-x-retro-computer-presentation-de-la-serie","status":"publish","type":"product","link":"https:\/\/tiancheng.click\/fr\/product\/serie-de-porte-cles-en-silicone-disney-x-retro-computer-presentation-de-la-serie\/","title":{"rendered":"S\u00e9rie de porte-cl\u00e9s en silicone Disney \u00d7 Retro Computer - Pr\u00e9sentation de la s\u00e9rie"},"content":{"rendered":"<h2><img fetchpriority=\"high\" decoding=\"async\" class=\"alignnone  wp-image-7692\" src=\"https:\/\/tiancheng.click\/wp-content\/uploads\/2025\/12\/\u672a\u547d\u540d\u56fe\u7247-8-300x300.png\" alt=\"\" width=\"1707\" height=\"1707\" srcset=\"https:\/\/tiancheng.click\/wp-content\/uploads\/2025\/12\/\u672a\u547d\u540d\u56fe\u7247-8-300x300.png 300w, https:\/\/tiancheng.click\/wp-content\/uploads\/2025\/12\/\u672a\u547d\u540d\u56fe\u7247-8-150x150.png 150w, https:\/\/tiancheng.click\/wp-content\/uploads\/2025\/12\/\u672a\u547d\u540d\u56fe\u7247-8-768x768.png 768w, https:\/\/tiancheng.click\/wp-content\/uploads\/2025\/12\/\u672a\u547d\u540d\u56fe\u7247-8-12x12.png 12w, https:\/\/tiancheng.click\/wp-content\/uploads\/2025\/12\/\u672a\u547d\u540d\u56fe\u7247-8-600x600.png 600w, https:\/\/tiancheng.click\/wp-content\/uploads\/2025\/12\/\u672a\u547d\u540d\u56fe\u7247-8-100x100.png 100w, https:\/\/tiancheng.click\/wp-content\/uploads\/2025\/12\/\u672a\u547d\u540d\u56fe\u7247-8.png 800w\" sizes=\"(max-width: 1707px) 100vw, 1707px\" \/><\/h2>\n<h3>Processus de fabrication des produits<\/h3>\n<h4>Entr\u00e9e du client \u2192 Conception 3D \u2192 Fabrication de moules \u2192 M\u00e9lange de LSR \u2192 Moulage par injection \u2192 Traitement de surface \u2192 Tampographie \u2192 Durcissement \u2192 Assemblage d'accessoires \u2192 100% Inspection \u2192 Emballage individuel \u2192 Emballage en vrac \u2192 Exp\u00e9dition<\/h4>\n<h2>\ud83c\udfa8\u00a0<strong>Variantes de conception<\/strong><\/h2>\n<div class=\"ds-scroll-area _1210dd7 c03cafe9\">\n<div class=\"ds-scroll-area__gutters\">\n<div class=\"ds-scroll-area__vertical-gutter\"><\/div>\n<\/div>\n<table style=\"height: 277px;\" width=\"1359\">\n<thead>\n<tr>\n<th>Style<\/th>\n<th>Personnage<\/th>\n<th>Couleur de la t\u00eate en silicone<\/th>\n<th>Th\u00e8me de couleur des boutons<\/th>\n<\/tr>\n<\/thead>\n<tbody>\n<tr>\n<td>1<\/td>\n<td><strong>Mickey<\/strong><\/td>\n<td>Bleu clair<\/td>\n<td>Tons bleu clair<\/td>\n<\/tr>\n<tr>\n<td>2<\/td>\n<td><strong>Minnie<\/strong><\/td>\n<td>Rose<\/td>\n<td>Nuances de rose<\/td>\n<\/tr>\n<tr>\n<td>3<\/td>\n<td><strong>Donald Duck<\/strong><\/td>\n<td>Bleu clair<\/td>\n<td>Tons bleu clair<\/td>\n<\/tr>\n<tr>\n<td>4<\/td>\n<td><strong>Marguerite<\/strong><\/td>\n<td>Rose<\/td>\n<td>Nuances de rose<\/td>\n<\/tr>\n<tr>\n<td>5<\/td>\n<td><strong>Couture<\/strong><\/td>\n<td>Bleu profond<\/td>\n<td>Nuances bleues fluorescentes<\/td>\n<\/tr>\n<tr>\n<td>6<\/td>\n<td><strong>Petits hommes verts<\/strong><\/td>\n<td>Vert for\u00eat<\/td>\n<td>Tons verts fluorescents<\/td>\n<\/tr>\n<tr>\n<td>7<\/td>\n<td><strong>Mike Wazowski<\/strong><\/td>\n<td>Vert vif<\/td>\n<td>Tons verts fluorescents<\/td>\n<\/tr>\n<\/tbody>\n<\/table>\n<p><img decoding=\"async\" class=\"alignnone size-medium wp-image-7684\" src=\"https:\/\/tiancheng.click\/wp-content\/uploads\/2025\/12\/icolors_disney_tsumtsum_calculator_keyring_donald-1-300x300.jpg\" alt=\"\" width=\"300\" height=\"300\" srcset=\"https:\/\/tiancheng.click\/wp-content\/uploads\/2025\/12\/icolors_disney_tsumtsum_calculator_keyring_donald-1-300x300.jpg 300w, https:\/\/tiancheng.click\/wp-content\/uploads\/2025\/12\/icolors_disney_tsumtsum_calculator_keyring_donald-1-150x150.jpg 150w, https:\/\/tiancheng.click\/wp-content\/uploads\/2025\/12\/icolors_disney_tsumtsum_calculator_keyring_donald-1-12x12.jpg 12w, https:\/\/tiancheng.click\/wp-content\/uploads\/2025\/12\/icolors_disney_tsumtsum_calculator_keyring_donald-1-100x100.jpg 100w, https:\/\/tiancheng.click\/wp-content\/uploads\/2025\/12\/icolors_disney_tsumtsum_calculator_keyring_donald-1.jpg 600w\" sizes=\"(max-width: 300px) 100vw, 300px\" \/> <img decoding=\"async\" class=\"alignnone size-medium wp-image-7685\" src=\"https:\/\/tiancheng.click\/wp-content\/uploads\/2025\/12\/icolors_disney_tsumtsum_calculator_keyring_alien-1-300x300.jpg\" alt=\"\" width=\"300\" height=\"300\" srcset=\"https:\/\/tiancheng.click\/wp-content\/uploads\/2025\/12\/icolors_disney_tsumtsum_calculator_keyring_alien-1-300x300.jpg 300w, https:\/\/tiancheng.click\/wp-content\/uploads\/2025\/12\/icolors_disney_tsumtsum_calculator_keyring_alien-1-150x150.jpg 150w, https:\/\/tiancheng.click\/wp-content\/uploads\/2025\/12\/icolors_disney_tsumtsum_calculator_keyring_alien-1-12x12.jpg 12w, https:\/\/tiancheng.click\/wp-content\/uploads\/2025\/12\/icolors_disney_tsumtsum_calculator_keyring_alien-1-100x100.jpg 100w, https:\/\/tiancheng.click\/wp-content\/uploads\/2025\/12\/icolors_disney_tsumtsum_calculator_keyring_alien-1.jpg 600w\" sizes=\"(max-width: 300px) 100vw, 300px\" \/> <img loading=\"lazy\" decoding=\"async\" class=\"alignnone size-medium wp-image-7686\" src=\"https:\/\/tiancheng.click\/wp-content\/uploads\/2025\/12\/icolors_disney_tsumtsum_calculator_keyring_daisy-1-300x300.jpg\" alt=\"\" width=\"300\" height=\"300\" srcset=\"https:\/\/tiancheng.click\/wp-content\/uploads\/2025\/12\/icolors_disney_tsumtsum_calculator_keyring_daisy-1-300x300.jpg 300w, https:\/\/tiancheng.click\/wp-content\/uploads\/2025\/12\/icolors_disney_tsumtsum_calculator_keyring_daisy-1-150x150.jpg 150w, https:\/\/tiancheng.click\/wp-content\/uploads\/2025\/12\/icolors_disney_tsumtsum_calculator_keyring_daisy-1-12x12.jpg 12w, https:\/\/tiancheng.click\/wp-content\/uploads\/2025\/12\/icolors_disney_tsumtsum_calculator_keyring_daisy-1-100x100.jpg 100w, https:\/\/tiancheng.click\/wp-content\/uploads\/2025\/12\/icolors_disney_tsumtsum_calculator_keyring_daisy-1.jpg 600w\" sizes=\"(max-width: 300px) 100vw, 300px\" \/> <img loading=\"lazy\" decoding=\"async\" class=\"alignnone size-medium wp-image-7687\" src=\"https:\/\/tiancheng.click\/wp-content\/uploads\/2025\/12\/icolors_disney_tsumtsum_calculator_keyring_mike-1-300x300.jpg\" alt=\"\" width=\"300\" height=\"300\" srcset=\"https:\/\/tiancheng.click\/wp-content\/uploads\/2025\/12\/icolors_disney_tsumtsum_calculator_keyring_mike-1-300x300.jpg 300w, https:\/\/tiancheng.click\/wp-content\/uploads\/2025\/12\/icolors_disney_tsumtsum_calculator_keyring_mike-1-150x150.jpg 150w, https:\/\/tiancheng.click\/wp-content\/uploads\/2025\/12\/icolors_disney_tsumtsum_calculator_keyring_mike-1-12x12.jpg 12w, https:\/\/tiancheng.click\/wp-content\/uploads\/2025\/12\/icolors_disney_tsumtsum_calculator_keyring_mike-1-100x100.jpg 100w, https:\/\/tiancheng.click\/wp-content\/uploads\/2025\/12\/icolors_disney_tsumtsum_calculator_keyring_mike-1.jpg 600w\" sizes=\"(max-width: 300px) 100vw, 300px\" \/> <img loading=\"lazy\" decoding=\"async\" class=\"alignnone size-medium wp-image-7688\" src=\"https:\/\/tiancheng.click\/wp-content\/uploads\/2025\/12\/icolors_disney_tsumtsum_calculator_keyring_mickey-1-300x300.jpg\" alt=\"\" width=\"300\" height=\"300\" srcset=\"https:\/\/tiancheng.click\/wp-content\/uploads\/2025\/12\/icolors_disney_tsumtsum_calculator_keyring_mickey-1-300x300.jpg 300w, https:\/\/tiancheng.click\/wp-content\/uploads\/2025\/12\/icolors_disney_tsumtsum_calculator_keyring_mickey-1-150x150.jpg 150w, https:\/\/tiancheng.click\/wp-content\/uploads\/2025\/12\/icolors_disney_tsumtsum_calculator_keyring_mickey-1-12x12.jpg 12w, https:\/\/tiancheng.click\/wp-content\/uploads\/2025\/12\/icolors_disney_tsumtsum_calculator_keyring_mickey-1-100x100.jpg 100w, https:\/\/tiancheng.click\/wp-content\/uploads\/2025\/12\/icolors_disney_tsumtsum_calculator_keyring_mickey-1.jpg 600w\" sizes=\"(max-width: 300px) 100vw, 300px\" \/> <img loading=\"lazy\" decoding=\"async\" class=\"alignnone size-medium wp-image-7689\" src=\"https:\/\/tiancheng.click\/wp-content\/uploads\/2025\/12\/icolors_disney_tsumtsum_calculator_keyring_minnie-1-300x300.jpg\" alt=\"\" width=\"300\" height=\"300\" srcset=\"https:\/\/tiancheng.click\/wp-content\/uploads\/2025\/12\/icolors_disney_tsumtsum_calculator_keyring_minnie-1-300x300.jpg 300w, https:\/\/tiancheng.click\/wp-content\/uploads\/2025\/12\/icolors_disney_tsumtsum_calculator_keyring_minnie-1-150x150.jpg 150w, https:\/\/tiancheng.click\/wp-content\/uploads\/2025\/12\/icolors_disney_tsumtsum_calculator_keyring_minnie-1-12x12.jpg 12w, https:\/\/tiancheng.click\/wp-content\/uploads\/2025\/12\/icolors_disney_tsumtsum_calculator_keyring_minnie-1-100x100.jpg 100w, https:\/\/tiancheng.click\/wp-content\/uploads\/2025\/12\/icolors_disney_tsumtsum_calculator_keyring_minnie-1.jpg 600w\" sizes=\"(max-width: 300px) 100vw, 300px\" \/> <img loading=\"lazy\" decoding=\"async\" class=\"alignnone size-medium wp-image-7690\" src=\"https:\/\/tiancheng.click\/wp-content\/uploads\/2025\/12\/icolors_disney_tsumtsum_calculator_keyring_stitch-1-300x300.jpg\" alt=\"\" width=\"300\" height=\"300\" srcset=\"https:\/\/tiancheng.click\/wp-content\/uploads\/2025\/12\/icolors_disney_tsumtsum_calculator_keyring_stitch-1-300x300.jpg 300w, https:\/\/tiancheng.click\/wp-content\/uploads\/2025\/12\/icolors_disney_tsumtsum_calculator_keyring_stitch-1-150x150.jpg 150w, https:\/\/tiancheng.click\/wp-content\/uploads\/2025\/12\/icolors_disney_tsumtsum_calculator_keyring_stitch-1-12x12.jpg 12w, https:\/\/tiancheng.click\/wp-content\/uploads\/2025\/12\/icolors_disney_tsumtsum_calculator_keyring_stitch-1-100x100.jpg 100w, https:\/\/tiancheng.click\/wp-content\/uploads\/2025\/12\/icolors_disney_tsumtsum_calculator_keyring_stitch-1.jpg 600w\" sizes=\"(max-width: 300px) 100vw, 300px\" \/><\/p>\n<\/div>\n<hr \/>\n<h2>\ud83c\udfae\u00a0<strong>Fonctionnalit\u00e9s interactives<\/strong><\/h2>\n<ul>\n<li>\n<p class=\"ds-markdown-paragraph\"><strong>Presse tactile<\/strong>: La t\u00eate en silicone offre un rebond tout en douceur.<\/p>\n<\/li>\n<li>\n<p class=\"ds-markdown-paragraph\"><strong>Design nostalgique<\/strong>: Le style r\u00e9tro des ordinateurs \u00e9voque des souvenirs classiques.<\/p>\n<\/li>\n<li>\n<p class=\"ds-markdown-paragraph\"><strong>Utilisation pratique<\/strong>: L\u00e9ger et portable, id\u00e9al pour les cl\u00e9s, les sacs et les appareils<\/p>\n<\/li>\n<\/ul>\n<hr \/>\n<h2>\ud83c\udf81\u00a0<strong>Contenu du paquet<\/strong><\/h2>\n<p class=\"ds-markdown-paragraph\">Porte-cl\u00e9s sur le th\u00e8me de l'informatique \u00d7 1<br \/>\nPochette de protection transparente \u00d7 1<\/p>","protected":false},"excerpt":{"rendered":"<h2>\ud83d\udcbb\u00a0<strong>Pr\u00e9sentation de la s\u00e9rie<\/strong><\/h2>\n<p class=\"ds-markdown-paragraph\">Porte-cl\u00e9s en silicone sous licence officielle Disney, inspir\u00e9s de l'esth\u00e9tique r\u00e9tro des ordinateurs. Chacun d'entre eux est compos\u00e9 d'une t\u00eate de personnage en silicone souple surmontant un corps classique de style informatique, alliant des personnages ador\u00e9s au charme nostalgique de la technologie.<\/p>\n<hr \/>\n<div class=\"ds-scroll-area _1210dd7 c03cafe9\">\n<h2>\ud83e\udde9\u00a0<strong>Structure du produit<\/strong><\/h2>\n<ul>\n<li>\n<p class=\"ds-markdown-paragraph\"><strong>Haut<\/strong>: T\u00eate de personnage en silicone 3D (silicone de qualit\u00e9 alimentaire, souple et compressible)<\/p>\n<\/li>\n<li>\n<p class=\"ds-markdown-paragraph\"><strong>Milieu<\/strong>: Zone de l'\u00e9cran d'ordinateur avec embl\u00e8me en relief<\/p>\n<\/li>\n<li>\n<p class=\"ds-markdown-paragraph\"><strong>Base<\/strong>: The keyboard features an embossed design, with key colors matching the keyboard color.<\/p>\n<\/li>\n<li>\n<p class=\"ds-markdown-paragraph\"><strong>Mat\u00e9riau<\/strong>: Corps en silicone + ABS, l\u00e9ger et durable<\/p>\n<\/li>\n<\/ul>\n<\/div>","protected":false},"featured_media":7691,"comment_status":"open","ping_status":"closed","template":"","meta":[],"product_brand":[],"product_cat":[15,37],"product_tag":[],"class_list":{"0":"post-5033","1":"product","2":"type-product","3":"status-publish","4":"has-post-thumbnail","6":"product_cat-character-goods","7":"product_cat-silicone-rubber-figurine-keychain-and-plush-toy-accessories-series","9":"first","10":"instock","11":"shipping-taxable","12":"product-type-simple"},"_links":{"self":[{"href":"https:\/\/tiancheng.click\/fr\/wp-json\/wp\/v2\/product\/5033","targetHints":{"allow":["GET"]}}],"collection":[{"href":"https:\/\/tiancheng.click\/fr\/wp-json\/wp\/v2\/product"}],"about":[{"href":"https:\/\/tiancheng.click\/fr\/wp-json\/wp\/v2\/types\/product"}],"replies":[{"embeddable":true,"href":"https:\/\/tiancheng.click\/fr\/wp-json\/wp\/v2\/comments?post=5033"}],"wp:featuredmedia":[{"embeddable":true,"href":"https:\/\/tiancheng.click\/fr\/wp-json\/wp\/v2\/media\/7691"}],"wp:attachment":[{"href":"https:\/\/tiancheng.click\/fr\/wp-json\/wp\/v2\/media?parent=5033"}],"wp:term":[{"taxonomy":"product_brand","embeddable":true,"href":"https:\/\/tiancheng.click\/fr\/wp-json\/wp\/v2\/product_brand?post=5033"},{"taxonomy":"product_cat","embeddable":true,"href":"https:\/\/tiancheng.click\/fr\/wp-json\/wp\/v2\/product_cat?post=5033"},{"taxonomy":"product_tag","embeddable":true,"href":"https:\/\/tiancheng.click\/fr\/wp-json\/wp\/v2\/product_tag?post=5033"}],"curies":[{"name":"wp","href":"https:\/\/api.w.org\/{rel}","templated":true}]}}