{"id":5038,"date":"2025-12-22T10:25:52","date_gmt":"2025-12-22T02:25:52","guid":{"rendered":"https:\/\/tiancheng.click\/?post_type=product&#038;p=5038"},"modified":"2026-01-14T09:48:56","modified_gmt":"2026-01-14T01:48:56","slug":"porte-cles-assorti-porte-cles-interactif-en-silicone","status":"publish","type":"product","link":"https:\/\/tiancheng.click\/fr\/product\/porte-cles-assorti-porte-cles-interactif-en-silicone\/","title":{"rendered":"Porte-cl\u00e9s dinosaure"},"content":{"rendered":"<h2><img fetchpriority=\"high\" decoding=\"async\" class=\"alignnone  wp-image-7683\" src=\"https:\/\/tiancheng.click\/wp-content\/uploads\/2025\/12\/\u672a\u547d\u540d\u56fe\u7247-7-300x300.png\" alt=\"\" width=\"1587\" height=\"1587\" srcset=\"https:\/\/tiancheng.click\/wp-content\/uploads\/2025\/12\/\u672a\u547d\u540d\u56fe\u7247-7-300x300.png 300w, https:\/\/tiancheng.click\/wp-content\/uploads\/2025\/12\/\u672a\u547d\u540d\u56fe\u7247-7-150x150.png 150w, https:\/\/tiancheng.click\/wp-content\/uploads\/2025\/12\/\u672a\u547d\u540d\u56fe\u7247-7-768x768.png 768w, https:\/\/tiancheng.click\/wp-content\/uploads\/2025\/12\/\u672a\u547d\u540d\u56fe\u7247-7-12x12.png 12w, https:\/\/tiancheng.click\/wp-content\/uploads\/2025\/12\/\u672a\u547d\u540d\u56fe\u7247-7-600x600.png 600w, https:\/\/tiancheng.click\/wp-content\/uploads\/2025\/12\/\u672a\u547d\u540d\u56fe\u7247-7-100x100.png 100w, https:\/\/tiancheng.click\/wp-content\/uploads\/2025\/12\/\u672a\u547d\u540d\u56fe\u7247-7.png 800w\" sizes=\"(max-width: 1587px) 100vw, 1587px\" \/><\/h2>\n<h3>Processus de fabrication des produits<\/h3>\n<h4>Entr\u00e9e du client \u2192 Conception 3D \u2192 Fabrication de moules \u2192 M\u00e9lange de LSR \u2192 Moulage par injection \u2192 Traitement de surface \u2192 Tampographie \u2192 Durcissement \u2192 Assemblage d'accessoires \u2192 100% Inspection \u2192 Emballage individuel \u2192 Emballage en vrac \u2192 Exp\u00e9dition<\/h4>\n<h2>Points forts du design<\/h2>\n<ul>\n<li>\n<p class=\"ds-markdown-paragraph\"><strong>Conception aux couleurs coordonn\u00e9es<\/strong>\u00a0\u2013 Le corps du dinosaure et les deux boules de nourriture partagent une palette de couleurs harmonis\u00e9e.<\/p>\n<\/li>\n<li>\n<p class=\"ds-markdown-paragraph\"><strong>Construction enti\u00e8rement en silicone<\/strong>\u00a0\u2013 Sans aimants, sans m\u00e9tal, enti\u00e8rement lavable et sans danger pour les enfants<\/p>\n<\/li>\n<li>\n<p class=\"ds-markdown-paragraph\"><strong>Fonctionnalit\u00e9 Spin interactive<\/strong>\u00a0\u2013 Appuyez doucement sur les c\u00f4t\u00e9s de la bouche pour faire tourner les boules alimentaires.<\/p>\n<\/li>\n<li>\n<p class=\"ds-markdown-paragraph\"><strong>Doux et tactile<\/strong>\u00a0\u2013 Le silicone \u00e9lastique offre une r\u00e9sistance satisfaisante et douce lorsqu'il est tourn\u00e9.<\/p>\n<h2>Collections de couleurs<\/h2>\n<div class=\"ds-scroll-area _1210dd7 c03cafe9\">\n<table style=\"height: 127px;\" width=\"1364\">\n<thead>\n<tr>\n<th>\u00c9dition<\/th>\n<th>Couleur du corps<\/th>\n<th>Ambiance<\/th>\n<\/tr>\n<\/thead>\n<tbody>\n<tr>\n<td><strong>Rose tendre<\/strong><\/td>\n<td>Rose p\u00e2le<\/td>\n<td>Doux et r\u00eaveur<\/td>\n<\/tr>\n<tr>\n<td><strong>R\u00eave de lavande<\/strong><\/td>\n<td>Lavande p\u00e2le<\/td>\n<td>Calme et fantaisiste<\/td>\n<\/tr>\n<tr>\n<td><strong>Fra\u00eecheur menthol\u00e9e<\/strong><\/td>\n<td>Vert menthe<\/td>\n<td>Frais et naturel<\/td>\n<\/tr>\n<\/tbody>\n<\/table>\n<p><img decoding=\"async\" class=\"alignnone size-medium wp-image-7680\" src=\"https:\/\/tiancheng.click\/wp-content\/uploads\/2025\/12\/\u8d2a\u5403\u5c0f\u9cc4\u9c7c_0004_\u8f6c\u8138\u6050\u9f99\u94a5\u5319\u6263SKU\u7eff.54-1-300x300.jpg\" alt=\"\" width=\"300\" height=\"300\" srcset=\"https:\/\/tiancheng.click\/wp-content\/uploads\/2025\/12\/\u8d2a\u5403\u5c0f\u9cc4\u9c7c_0004_\u8f6c\u8138\u6050\u9f99\u94a5\u5319\u6263SKU\u7eff.54-1-300x300.jpg 300w, https:\/\/tiancheng.click\/wp-content\/uploads\/2025\/12\/\u8d2a\u5403\u5c0f\u9cc4\u9c7c_0004_\u8f6c\u8138\u6050\u9f99\u94a5\u5319\u6263SKU\u7eff.54-1-150x150.jpg 150w, https:\/\/tiancheng.click\/wp-content\/uploads\/2025\/12\/\u8d2a\u5403\u5c0f\u9cc4\u9c7c_0004_\u8f6c\u8138\u6050\u9f99\u94a5\u5319\u6263SKU\u7eff.54-1-768x768.jpg 768w, https:\/\/tiancheng.click\/wp-content\/uploads\/2025\/12\/\u8d2a\u5403\u5c0f\u9cc4\u9c7c_0004_\u8f6c\u8138\u6050\u9f99\u94a5\u5319\u6263SKU\u7eff.54-1-12x12.jpg 12w, https:\/\/tiancheng.click\/wp-content\/uploads\/2025\/12\/\u8d2a\u5403\u5c0f\u9cc4\u9c7c_0004_\u8f6c\u8138\u6050\u9f99\u94a5\u5319\u6263SKU\u7eff.54-1-600x600.jpg 600w, https:\/\/tiancheng.click\/wp-content\/uploads\/2025\/12\/\u8d2a\u5403\u5c0f\u9cc4\u9c7c_0004_\u8f6c\u8138\u6050\u9f99\u94a5\u5319\u6263SKU\u7eff.54-1-100x100.jpg 100w, https:\/\/tiancheng.click\/wp-content\/uploads\/2025\/12\/\u8d2a\u5403\u5c0f\u9cc4\u9c7c_0004_\u8f6c\u8138\u6050\u9f99\u94a5\u5319\u6263SKU\u7eff.54-1.jpg 800w\" sizes=\"(max-width: 300px) 100vw, 300px\" \/> <img decoding=\"async\" class=\"alignnone size-medium wp-image-7681\" src=\"https:\/\/tiancheng.click\/wp-content\/uploads\/2025\/12\/\u8d2a\u5403\u5c0f\u9cc4\u9c7c_0002_\u8f6c\u8138\u6050\u9f99\u94a5\u5319\u6263SKU\u7c89.55-2-300x300.jpg\" alt=\"\" width=\"300\" height=\"300\" srcset=\"https:\/\/tiancheng.click\/wp-content\/uploads\/2025\/12\/\u8d2a\u5403\u5c0f\u9cc4\u9c7c_0002_\u8f6c\u8138\u6050\u9f99\u94a5\u5319\u6263SKU\u7c89.55-2-300x300.jpg 300w, https:\/\/tiancheng.click\/wp-content\/uploads\/2025\/12\/\u8d2a\u5403\u5c0f\u9cc4\u9c7c_0002_\u8f6c\u8138\u6050\u9f99\u94a5\u5319\u6263SKU\u7c89.55-2-150x150.jpg 150w, https:\/\/tiancheng.click\/wp-content\/uploads\/2025\/12\/\u8d2a\u5403\u5c0f\u9cc4\u9c7c_0002_\u8f6c\u8138\u6050\u9f99\u94a5\u5319\u6263SKU\u7c89.55-2-768x768.jpg 768w, https:\/\/tiancheng.click\/wp-content\/uploads\/2025\/12\/\u8d2a\u5403\u5c0f\u9cc4\u9c7c_0002_\u8f6c\u8138\u6050\u9f99\u94a5\u5319\u6263SKU\u7c89.55-2-12x12.jpg 12w, https:\/\/tiancheng.click\/wp-content\/uploads\/2025\/12\/\u8d2a\u5403\u5c0f\u9cc4\u9c7c_0002_\u8f6c\u8138\u6050\u9f99\u94a5\u5319\u6263SKU\u7c89.55-2-600x600.jpg 600w, https:\/\/tiancheng.click\/wp-content\/uploads\/2025\/12\/\u8d2a\u5403\u5c0f\u9cc4\u9c7c_0002_\u8f6c\u8138\u6050\u9f99\u94a5\u5319\u6263SKU\u7c89.55-2-100x100.jpg 100w, https:\/\/tiancheng.click\/wp-content\/uploads\/2025\/12\/\u8d2a\u5403\u5c0f\u9cc4\u9c7c_0002_\u8f6c\u8138\u6050\u9f99\u94a5\u5319\u6263SKU\u7c89.55-2.jpg 800w\" sizes=\"(max-width: 300px) 100vw, 300px\" \/> <img loading=\"lazy\" decoding=\"async\" class=\"alignnone size-medium wp-image-7682\" src=\"https:\/\/tiancheng.click\/wp-content\/uploads\/2025\/12\/\u8d2a\u5403\u5c0f\u9cc4\u9c7c_0003_\u8f6c\u8138\u6050\u9f99\u94a5\u5319\u6263SKU\u7d2b.56-1-300x300.jpg\" alt=\"\" width=\"300\" height=\"300\" srcset=\"https:\/\/tiancheng.click\/wp-content\/uploads\/2025\/12\/\u8d2a\u5403\u5c0f\u9cc4\u9c7c_0003_\u8f6c\u8138\u6050\u9f99\u94a5\u5319\u6263SKU\u7d2b.56-1-300x300.jpg 300w, https:\/\/tiancheng.click\/wp-content\/uploads\/2025\/12\/\u8d2a\u5403\u5c0f\u9cc4\u9c7c_0003_\u8f6c\u8138\u6050\u9f99\u94a5\u5319\u6263SKU\u7d2b.56-1-150x150.jpg 150w, https:\/\/tiancheng.click\/wp-content\/uploads\/2025\/12\/\u8d2a\u5403\u5c0f\u9cc4\u9c7c_0003_\u8f6c\u8138\u6050\u9f99\u94a5\u5319\u6263SKU\u7d2b.56-1-768x768.jpg 768w, https:\/\/tiancheng.click\/wp-content\/uploads\/2025\/12\/\u8d2a\u5403\u5c0f\u9cc4\u9c7c_0003_\u8f6c\u8138\u6050\u9f99\u94a5\u5319\u6263SKU\u7d2b.56-1-12x12.jpg 12w, https:\/\/tiancheng.click\/wp-content\/uploads\/2025\/12\/\u8d2a\u5403\u5c0f\u9cc4\u9c7c_0003_\u8f6c\u8138\u6050\u9f99\u94a5\u5319\u6263SKU\u7d2b.56-1-600x600.jpg 600w, https:\/\/tiancheng.click\/wp-content\/uploads\/2025\/12\/\u8d2a\u5403\u5c0f\u9cc4\u9c7c_0003_\u8f6c\u8138\u6050\u9f99\u94a5\u5319\u6263SKU\u7d2b.56-1-100x100.jpg 100w, https:\/\/tiancheng.click\/wp-content\/uploads\/2025\/12\/\u8d2a\u5403\u5c0f\u9cc4\u9c7c_0003_\u8f6c\u8138\u6050\u9f99\u94a5\u5319\u6263SKU\u7d2b.56-1.jpg 800w\" sizes=\"(max-width: 300px) 100vw, 300px\" \/><\/p>\n<\/div>\n<\/li>\n<\/ul>\n<h2>O\u00f9 en profiter<\/h2>\n<ul>\n<li>\n<p class=\"ds-markdown-paragraph\"><strong>Transport quotidien<\/strong>\u00a0\u2013 S'accorde avec vos tenues, sacs et accessoires sans jurer<\/p>\n<\/li>\n<li>\n<p class=\"ds-markdown-paragraph\"><strong>Compagnon de bureau<\/strong>\u00a0\u2013 Les couleurs douces s'int\u00e8grent \u00e0 votre espace de travail, ajoutant une touche de gaiet\u00e9 et de s\u00e9r\u00e9nit\u00e9.<\/p>\n<\/li>\n<li>\n<p class=\"ds-markdown-paragraph\"><strong>Pr\u00eat \u00e0 offrir<\/strong>\u00a0\u2013 Ses couleurs harmonieuses en font un cadeau raffin\u00e9 pour vos amis, vos enfants ou vos coll\u00e8gues.<\/p>\n<\/li>\n<\/ul>\n<hr \/>\n<h2>Ce qui est inclus<\/h2>\n<ol start=\"1\">\n<li>\n<p class=\"ds-markdown-paragraph\">Porte-cl\u00e9s dinosaure \u00d7 1<\/p>\n<\/li>\n<li>\n<p class=\"ds-markdown-paragraph\">Pochette en silicone assortie \u00d7 1<\/p>\n<\/li>\n<li>\n<p class=\"ds-markdown-paragraph\">Carte d'instructions simples \u00d7 1<\/p>\n<\/li>\n<\/ol>\n<hr \/>\n<p class=\"ds-markdown-paragraph\">\ud83d\udee0 Palettes de couleurs personnalis\u00e9es disponibles pour les marques et les \u00e9v\u00e9nements<br \/>\n\ud83d\udce9 Contactez-nous pour obtenir des \u00e9chantillons et passer des commandes en gros.<\/p>","protected":false},"excerpt":{"rendered":"<p>Dinosaure avec des boules de nourriture de couleur assortie dans la bouche<br \/>\nRotation d'une seule touche \u00b7 Sans pi\u00e8ces m\u00e9talliques \u00b7 Enti\u00e8rement en silicone \u00b7 Mignon et s\u00fbr<\/p>\n<h2>Pourquoi vous allez l'adorer<\/h2>\n<ul>\n<li>\n<p class=\"ds-markdown-paragraph\"><strong>Visuellement agr\u00e9able<\/strong>\u00a0\u2013 Les couleurs coordonn\u00e9es cr\u00e9ent un look \u00e9pur\u00e9 et moderne.<\/p>\n<\/li>\n<li>\n<p class=\"ds-markdown-paragraph\"><strong>S\u00fbr et durable<\/strong>\u00a0\u2013 Enti\u00e8rement fabriqu\u00e9 en silicone alimentaire, facile \u00e0 nettoyer<\/p>\n<\/li>\n<li>\n<p class=\"ds-markdown-paragraph\"><strong>Amusant et apaisant<\/strong>\u00a0\u2013 Une rotation douce aide \u00e0 soulager le stress et \u00e0 faire na\u00eetre des sourires.<\/p>\n<\/li>\n<\/ul>\n<hr \/>\n<h2>Parfait pour<\/h2>\n<ul>\n<li>\n<p class=\"ds-markdown-paragraph\">\u00c9tudiants, employ\u00e9s de bureau, cr\u00e9atifs<\/p>\n<\/li>\n<li>\n<p class=\"ds-markdown-paragraph\">Les amateurs d'accessoires mignons et minimalistes<\/p>\n<\/li>\n<li>\n<p class=\"ds-markdown-paragraph\">Tous ceux qui appr\u00e9cient les designs subtils et ludiques.<\/p>\n<\/li>\n<\/ul>","protected":false},"featured_media":5557,"comment_status":"open","ping_status":"closed","template":"","meta":[],"product_brand":[],"product_cat":[37],"product_tag":[],"class_list":{"0":"post-5038","1":"product","2":"type-product","3":"status-publish","4":"has-post-thumbnail","6":"product_cat-silicone-rubber-figurine-keychain-and-plush-toy-accessories-series","8":"first","9":"instock","10":"shipping-taxable","11":"product-type-simple"},"_links":{"self":[{"href":"https:\/\/tiancheng.click\/fr\/wp-json\/wp\/v2\/product\/5038","targetHints":{"allow":["GET"]}}],"collection":[{"href":"https:\/\/tiancheng.click\/fr\/wp-json\/wp\/v2\/product"}],"about":[{"href":"https:\/\/tiancheng.click\/fr\/wp-json\/wp\/v2\/types\/product"}],"replies":[{"embeddable":true,"href":"https:\/\/tiancheng.click\/fr\/wp-json\/wp\/v2\/comments?post=5038"}],"wp:featuredmedia":[{"embeddable":true,"href":"https:\/\/tiancheng.click\/fr\/wp-json\/wp\/v2\/media\/5557"}],"wp:attachment":[{"href":"https:\/\/tiancheng.click\/fr\/wp-json\/wp\/v2\/media?parent=5038"}],"wp:term":[{"taxonomy":"product_brand","embeddable":true,"href":"https:\/\/tiancheng.click\/fr\/wp-json\/wp\/v2\/product_brand?post=5038"},{"taxonomy":"product_cat","embeddable":true,"href":"https:\/\/tiancheng.click\/fr\/wp-json\/wp\/v2\/product_cat?post=5038"},{"taxonomy":"product_tag","embeddable":true,"href":"https:\/\/tiancheng.click\/fr\/wp-json\/wp\/v2\/product_tag?post=5038"}],"curies":[{"name":"wp","href":"https:\/\/api.w.org\/{rel}","templated":true}]}}