{"id":5052,"date":"2025-12-22T10:36:00","date_gmt":"2025-12-22T02:36:00","guid":{"rendered":"https:\/\/tiancheng.click\/?post_type=product&#038;p=5052"},"modified":"2026-01-15T08:45:19","modified_gmt":"2026-01-15T00:45:19","slug":"casque-bluetooth","status":"publish","type":"product","link":"https:\/\/tiancheng.click\/fr\/product\/casque-bluetooth\/","title":{"rendered":"Housse de protection en silicone pour casque Bluetooth"},"content":{"rendered":"<p class=\"ds-markdown-paragraph\">\n<h3><img fetchpriority=\"high\" decoding=\"async\" class=\"alignnone  wp-image-7934\" src=\"https:\/\/tiancheng.click\/wp-content\/uploads\/2025\/12\/\u672a\u547d\u540d\u56fe\u7247-17-300x300.png\" alt=\"\" width=\"1713\" height=\"1713\" srcset=\"https:\/\/tiancheng.click\/wp-content\/uploads\/2025\/12\/\u672a\u547d\u540d\u56fe\u7247-17-300x300.png 300w, https:\/\/tiancheng.click\/wp-content\/uploads\/2025\/12\/\u672a\u547d\u540d\u56fe\u7247-17-150x150.png 150w, https:\/\/tiancheng.click\/wp-content\/uploads\/2025\/12\/\u672a\u547d\u540d\u56fe\u7247-17-768x768.png 768w, https:\/\/tiancheng.click\/wp-content\/uploads\/2025\/12\/\u672a\u547d\u540d\u56fe\u7247-17-12x12.png 12w, https:\/\/tiancheng.click\/wp-content\/uploads\/2025\/12\/\u672a\u547d\u540d\u56fe\u7247-17-600x600.png 600w, https:\/\/tiancheng.click\/wp-content\/uploads\/2025\/12\/\u672a\u547d\u540d\u56fe\u7247-17-100x100.png 100w, https:\/\/tiancheng.click\/wp-content\/uploads\/2025\/12\/\u672a\u547d\u540d\u56fe\u7247-17.png 800w\" sizes=\"(max-width: 1713px) 100vw, 1713px\" \/><\/h3>\n<h3>Processus de fabrication des produits<\/h3>\n<h4>Entr\u00e9e du client \u2192 Conception 3D \u2192 Fabrication de moules \u2192 M\u00e9lange de LSR \u2192 Moulage par injection \u2192 Traitement de surface \u2192 Tampographie \u2192 Durcissement \u2192 Assemblage d'accessoires \u2192 100% Inspection \u2192 Emballage individuel \u2192 Emballage en vrac \u2192 Exp\u00e9dition<\/h4>\n<hr \/>\n<h2><img decoding=\"async\" class=\"alignnone size-medium wp-image-7935\" src=\"https:\/\/tiancheng.click\/wp-content\/uploads\/2025\/12\/icolors_disney_tsumtsum_wireless_earphone_daisy-1-300x300.jpg\" alt=\"\" width=\"300\" height=\"300\" srcset=\"https:\/\/tiancheng.click\/wp-content\/uploads\/2025\/12\/icolors_disney_tsumtsum_wireless_earphone_daisy-1-300x300.jpg 300w, https:\/\/tiancheng.click\/wp-content\/uploads\/2025\/12\/icolors_disney_tsumtsum_wireless_earphone_daisy-1-150x150.jpg 150w, https:\/\/tiancheng.click\/wp-content\/uploads\/2025\/12\/icolors_disney_tsumtsum_wireless_earphone_daisy-1-12x12.jpg 12w, https:\/\/tiancheng.click\/wp-content\/uploads\/2025\/12\/icolors_disney_tsumtsum_wireless_earphone_daisy-1-100x100.jpg 100w, https:\/\/tiancheng.click\/wp-content\/uploads\/2025\/12\/icolors_disney_tsumtsum_wireless_earphone_daisy-1.jpg 600w\" sizes=\"(max-width: 300px) 100vw, 300px\" \/> <img decoding=\"async\" class=\"alignnone size-medium wp-image-7936\" src=\"https:\/\/tiancheng.click\/wp-content\/uploads\/2025\/12\/icolors_disney_tsumtsum_wireless_earphone_mike-1-300x300.jpg\" alt=\"\" width=\"300\" height=\"300\" srcset=\"https:\/\/tiancheng.click\/wp-content\/uploads\/2025\/12\/icolors_disney_tsumtsum_wireless_earphone_mike-1-300x300.jpg 300w, https:\/\/tiancheng.click\/wp-content\/uploads\/2025\/12\/icolors_disney_tsumtsum_wireless_earphone_mike-1-150x150.jpg 150w, https:\/\/tiancheng.click\/wp-content\/uploads\/2025\/12\/icolors_disney_tsumtsum_wireless_earphone_mike-1-12x12.jpg 12w, https:\/\/tiancheng.click\/wp-content\/uploads\/2025\/12\/icolors_disney_tsumtsum_wireless_earphone_mike-1-100x100.jpg 100w, https:\/\/tiancheng.click\/wp-content\/uploads\/2025\/12\/icolors_disney_tsumtsum_wireless_earphone_mike-1.jpg 600w\" sizes=\"(max-width: 300px) 100vw, 300px\" \/> <img loading=\"lazy\" decoding=\"async\" class=\"alignnone size-medium wp-image-7937\" src=\"https:\/\/tiancheng.click\/wp-content\/uploads\/2025\/12\/icolors_disney_tsumtsum_wireless_earphone_minnie-1-300x300.jpg\" alt=\"\" width=\"300\" height=\"300\" srcset=\"https:\/\/tiancheng.click\/wp-content\/uploads\/2025\/12\/icolors_disney_tsumtsum_wireless_earphone_minnie-1-300x300.jpg 300w, https:\/\/tiancheng.click\/wp-content\/uploads\/2025\/12\/icolors_disney_tsumtsum_wireless_earphone_minnie-1-150x150.jpg 150w, https:\/\/tiancheng.click\/wp-content\/uploads\/2025\/12\/icolors_disney_tsumtsum_wireless_earphone_minnie-1-12x12.jpg 12w, https:\/\/tiancheng.click\/wp-content\/uploads\/2025\/12\/icolors_disney_tsumtsum_wireless_earphone_minnie-1-100x100.jpg 100w, https:\/\/tiancheng.click\/wp-content\/uploads\/2025\/12\/icolors_disney_tsumtsum_wireless_earphone_minnie-1.jpg 600w\" sizes=\"(max-width: 300px) 100vw, 300px\" \/> <img loading=\"lazy\" decoding=\"async\" class=\"alignnone size-medium wp-image-7938\" src=\"https:\/\/tiancheng.click\/wp-content\/uploads\/2025\/12\/icolors_disney_tsumtsum_wireless_earphone_alien-1-300x300.jpg\" alt=\"\" width=\"300\" height=\"300\" srcset=\"https:\/\/tiancheng.click\/wp-content\/uploads\/2025\/12\/icolors_disney_tsumtsum_wireless_earphone_alien-1-300x300.jpg 300w, https:\/\/tiancheng.click\/wp-content\/uploads\/2025\/12\/icolors_disney_tsumtsum_wireless_earphone_alien-1-150x150.jpg 150w, https:\/\/tiancheng.click\/wp-content\/uploads\/2025\/12\/icolors_disney_tsumtsum_wireless_earphone_alien-1-12x12.jpg 12w, https:\/\/tiancheng.click\/wp-content\/uploads\/2025\/12\/icolors_disney_tsumtsum_wireless_earphone_alien-1-100x100.jpg 100w, https:\/\/tiancheng.click\/wp-content\/uploads\/2025\/12\/icolors_disney_tsumtsum_wireless_earphone_alien-1.jpg 600w\" sizes=\"(max-width: 300px) 100vw, 300px\" \/> <img loading=\"lazy\" decoding=\"async\" class=\"alignnone size-medium wp-image-7939\" src=\"https:\/\/tiancheng.click\/wp-content\/uploads\/2025\/12\/icolors_disney_tsumtsum_wireless_earphone_judy-1-300x300.jpg\" alt=\"\" width=\"300\" height=\"300\" srcset=\"https:\/\/tiancheng.click\/wp-content\/uploads\/2025\/12\/icolors_disney_tsumtsum_wireless_earphone_judy-1-300x300.jpg 300w, https:\/\/tiancheng.click\/wp-content\/uploads\/2025\/12\/icolors_disney_tsumtsum_wireless_earphone_judy-1-150x150.jpg 150w, https:\/\/tiancheng.click\/wp-content\/uploads\/2025\/12\/icolors_disney_tsumtsum_wireless_earphone_judy-1-12x12.jpg 12w, https:\/\/tiancheng.click\/wp-content\/uploads\/2025\/12\/icolors_disney_tsumtsum_wireless_earphone_judy-1-100x100.jpg 100w, https:\/\/tiancheng.click\/wp-content\/uploads\/2025\/12\/icolors_disney_tsumtsum_wireless_earphone_judy-1.jpg 600w\" sizes=\"(max-width: 300px) 100vw, 300px\" \/> <img loading=\"lazy\" decoding=\"async\" class=\"alignnone size-medium wp-image-7940\" src=\"https:\/\/tiancheng.click\/wp-content\/uploads\/2025\/12\/icolors_disney_tsumtsum_wireless_earphone_tigger-1-300x300.jpg\" alt=\"\" width=\"300\" height=\"300\" srcset=\"https:\/\/tiancheng.click\/wp-content\/uploads\/2025\/12\/icolors_disney_tsumtsum_wireless_earphone_tigger-1-300x300.jpg 300w, https:\/\/tiancheng.click\/wp-content\/uploads\/2025\/12\/icolors_disney_tsumtsum_wireless_earphone_tigger-1-150x150.jpg 150w, https:\/\/tiancheng.click\/wp-content\/uploads\/2025\/12\/icolors_disney_tsumtsum_wireless_earphone_tigger-1-12x12.jpg 12w, https:\/\/tiancheng.click\/wp-content\/uploads\/2025\/12\/icolors_disney_tsumtsum_wireless_earphone_tigger-1-100x100.jpg 100w, https:\/\/tiancheng.click\/wp-content\/uploads\/2025\/12\/icolors_disney_tsumtsum_wireless_earphone_tigger-1.jpg 600w\" sizes=\"(max-width: 300px) 100vw, 300px\" \/> <img loading=\"lazy\" decoding=\"async\" class=\"alignnone size-medium wp-image-7941\" src=\"https:\/\/tiancheng.click\/wp-content\/uploads\/2025\/12\/icolors_disney_tsumtsum_wireless_earphone_pooh-1-300x300.jpg\" alt=\"\" width=\"300\" height=\"300\" srcset=\"https:\/\/tiancheng.click\/wp-content\/uploads\/2025\/12\/icolors_disney_tsumtsum_wireless_earphone_pooh-1-300x300.jpg 300w, https:\/\/tiancheng.click\/wp-content\/uploads\/2025\/12\/icolors_disney_tsumtsum_wireless_earphone_pooh-1-150x150.jpg 150w, https:\/\/tiancheng.click\/wp-content\/uploads\/2025\/12\/icolors_disney_tsumtsum_wireless_earphone_pooh-1-12x12.jpg 12w, https:\/\/tiancheng.click\/wp-content\/uploads\/2025\/12\/icolors_disney_tsumtsum_wireless_earphone_pooh-1-100x100.jpg 100w, https:\/\/tiancheng.click\/wp-content\/uploads\/2025\/12\/icolors_disney_tsumtsum_wireless_earphone_pooh-1.jpg 600w\" sizes=\"(max-width: 300px) 100vw, 300px\" \/> <img loading=\"lazy\" decoding=\"async\" class=\"alignnone size-medium wp-image-7942\" src=\"https:\/\/tiancheng.click\/wp-content\/uploads\/2025\/12\/icolors_disney_tsumtsum_wireless_earphone_sulley-1-300x300.jpg\" alt=\"\" width=\"300\" height=\"300\" srcset=\"https:\/\/tiancheng.click\/wp-content\/uploads\/2025\/12\/icolors_disney_tsumtsum_wireless_earphone_sulley-1-300x300.jpg 300w, https:\/\/tiancheng.click\/wp-content\/uploads\/2025\/12\/icolors_disney_tsumtsum_wireless_earphone_sulley-1-150x150.jpg 150w, https:\/\/tiancheng.click\/wp-content\/uploads\/2025\/12\/icolors_disney_tsumtsum_wireless_earphone_sulley-1-12x12.jpg 12w, https:\/\/tiancheng.click\/wp-content\/uploads\/2025\/12\/icolors_disney_tsumtsum_wireless_earphone_sulley-1-100x100.jpg 100w, https:\/\/tiancheng.click\/wp-content\/uploads\/2025\/12\/icolors_disney_tsumtsum_wireless_earphone_sulley-1.jpg 600w\" sizes=\"(max-width: 300px) 100vw, 300px\" \/> <img loading=\"lazy\" decoding=\"async\" class=\"alignnone size-medium wp-image-7943\" src=\"https:\/\/tiancheng.click\/wp-content\/uploads\/2025\/12\/icolors_disney_tsumtsum_wireless_earphone_mickey-1-300x300.jpg\" alt=\"\" width=\"300\" height=\"300\" srcset=\"https:\/\/tiancheng.click\/wp-content\/uploads\/2025\/12\/icolors_disney_tsumtsum_wireless_earphone_mickey-1-300x300.jpg 300w, https:\/\/tiancheng.click\/wp-content\/uploads\/2025\/12\/icolors_disney_tsumtsum_wireless_earphone_mickey-1-150x150.jpg 150w, https:\/\/tiancheng.click\/wp-content\/uploads\/2025\/12\/icolors_disney_tsumtsum_wireless_earphone_mickey-1-12x12.jpg 12w, https:\/\/tiancheng.click\/wp-content\/uploads\/2025\/12\/icolors_disney_tsumtsum_wireless_earphone_mickey-1-100x100.jpg 100w, https:\/\/tiancheng.click\/wp-content\/uploads\/2025\/12\/icolors_disney_tsumtsum_wireless_earphone_mickey-1.jpg 600w\" sizes=\"(max-width: 300px) 100vw, 300px\" \/> <img loading=\"lazy\" decoding=\"async\" class=\"alignnone size-medium wp-image-7944\" src=\"https:\/\/tiancheng.click\/wp-content\/uploads\/2025\/12\/icolors_disney_tsumtsum_wireless_earphone_lotso-1-300x300.jpg\" alt=\"\" width=\"300\" height=\"300\" srcset=\"https:\/\/tiancheng.click\/wp-content\/uploads\/2025\/12\/icolors_disney_tsumtsum_wireless_earphone_lotso-1-300x300.jpg 300w, https:\/\/tiancheng.click\/wp-content\/uploads\/2025\/12\/icolors_disney_tsumtsum_wireless_earphone_lotso-1-150x150.jpg 150w, https:\/\/tiancheng.click\/wp-content\/uploads\/2025\/12\/icolors_disney_tsumtsum_wireless_earphone_lotso-1-12x12.jpg 12w, https:\/\/tiancheng.click\/wp-content\/uploads\/2025\/12\/icolors_disney_tsumtsum_wireless_earphone_lotso-1-100x100.jpg 100w, https:\/\/tiancheng.click\/wp-content\/uploads\/2025\/12\/icolors_disney_tsumtsum_wireless_earphone_lotso-1.jpg 600w\" sizes=\"(max-width: 300px) 100vw, 300px\" \/><\/h2>\n<h2>\ud83d\udc7b <strong>10 cr\u00e9ations de personnages pour Halloween<\/strong><\/h2>\n<div class=\"ds-scroll-area _1210dd7 c03cafe9\">\n<div class=\"ds-scroll-area__gutters\">\n<div class=\"ds-scroll-area__horizontal-gutter\"><\/div>\n<div class=\"ds-scroll-area__vertical-gutter\"><\/div>\n<\/div>\n<table style=\"height: 332px;\" width=\"1374\">\n<thead>\n<tr>\n<th>Personnage<\/th>\n<th>Th\u00e8me stylistique<\/th>\n<\/tr>\n<\/thead>\n<tbody>\n<tr>\n<td><strong>Mickey<\/strong><\/td>\n<td>Mickey le magicien<\/td>\n<\/tr>\n<tr>\n<td><strong>Minnie<\/strong><\/td>\n<td>N\u0153ud citrouille Minnie<\/td>\n<\/tr>\n<tr>\n<td><strong>Winnie l'ourson<\/strong><\/td>\n<td>F\u00e9e Pooh<\/td>\n<\/tr>\n<tr>\n<td><strong>Tigrou<\/strong><\/td>\n<td>Chapeau citrouille Tigrou<\/td>\n<\/tr>\n<tr>\n<td><strong>Extraterrestre<\/strong><\/td>\n<td>Petit diable extraterrestre<\/td>\n<\/tr>\n<tr>\n<td><strong>StellaLou<\/strong><\/td>\n<td>Petit diable StellaLou<\/td>\n<\/tr>\n<tr>\n<td><strong>Sulley<\/strong><\/td>\n<td>Lunettes de soleil Sulley<\/td>\n<\/tr>\n<tr>\n<td><strong>Mike Wazowski<\/strong><\/td>\n<td>Mineur Mike<\/td>\n<\/tr>\n<tr>\n<td><strong>Marguerite<\/strong><\/td>\n<td>Sorci\u00e8re Daisy<\/td>\n<\/tr>\n<tr>\n<td><strong>Lotso<\/strong><\/td>\n<td>Sorci\u00e8re rose Lotso<\/td>\n<\/tr>\n<\/tbody>\n<\/table>\n<\/div>\n<hr \/>\n<h2>\ud83d\udce6\u00a0<strong>D\u00e9tails du produit<\/strong><\/h2>\n<ul>\n<li>\n<p class=\"ds-markdown-paragraph\"><strong>Mat\u00e9riau<\/strong>: Silicone de qualit\u00e9 alimentaire<\/p>\n<\/li>\n<li>\n<p class=\"ds-markdown-paragraph\"><strong>Compatibilit\u00e9<\/strong>: S\u00e9rie AirPods \/ la plupart des bo\u00eetiers d'\u00e9couteurs TWS<\/p>\n<\/li>\n<li>\n<p class=\"ds-markdown-paragraph\"><strong>Emballage<\/strong>: Chaque paquet ind\u00e9pendant + carte sur le th\u00e8me d'Halloween<\/p>\n<\/li>\n<li>\n<p class=\"ds-markdown-paragraph\"><strong>Ensembles disponibles<\/strong>: Single \/ Mix 5 pi\u00e8ces \/ Coffret complet 10 pi\u00e8ces<\/p>\n<\/li>\n<\/ul>","protected":false},"excerpt":{"rendered":"<h1>\ud83c\udf83 S\u00e9rie Disney Halloween \u00b7 \u00c9tuis pour \u00e9couteurs en silicone au style mignon<\/h1>\n<h2>\ud83e\uddf8\u00a0<strong>Th\u00e8me de la s\u00e9rie : Une adorable nuit d'Halloween<\/strong><\/h2>\n<p class=\"ds-markdown-paragraph\">Les personnages Disney se transforment en adorables motifs d'Halloween ! Enti\u00e8rement fabriqu\u00e9e \u00e0 partir de silicone alimentaire, cette collection conserve son style classique et mignon tout en ajoutant une touche festive \u00e0 vos \u00e9couteurs.<\/p>\n<div class=\"ds-scroll-area _1210dd7 c03cafe9\">\n<hr \/>\n<h2>\ud83c\udfa8\u00a0<strong>Caract\u00e9ristiques de la collection<\/strong><\/h2>\n<p class=\"ds-markdown-paragraph\">\u2705 Moulage en silicone d'une seule pi\u00e8ce, souple et r\u00e9sistant aux chutes<br \/>\n\u2705 Style mignon, festif mais pas effrayant<br \/>\n\u2705 L\u00e9ger et portable, facile \u00e0 ranger<br \/>\n\u2705 Palette de couleurs douces, ambiance Halloween parfaite<\/p>\n<hr \/>\n<h2>\ud83c\udfaf\u00a0<strong>Parfait pour<\/strong><\/h2>\n<ul>\n<li>\n<p class=\"ds-markdown-paragraph\">Accessoires pour f\u00eate d'Halloween<\/p>\n<\/li>\n<li>\n<p class=\"ds-markdown-paragraph\">Stylisme mignon au quotidien<\/p>\n<\/li>\n<li>\n<p class=\"ds-markdown-paragraph\">Cadeaux de No\u00ebl<\/p>\n<\/li>\n<li>\n<p class=\"ds-markdown-paragraph\">Collectionneurs de produits d\u00e9riv\u00e9s Disney<\/p>\n<\/li>\n<\/ul>\n<\/div>","protected":false},"featured_media":5265,"comment_status":"open","ping_status":"closed","template":"","meta":[],"product_brand":[],"product_cat":[15,39],"product_tag":[],"class_list":{"0":"post-5052","1":"product","2":"type-product","3":"status-publish","4":"has-post-thumbnail","6":"product_cat-character-goods","7":"product_cat-3c-silicone-accessory-series","9":"first","10":"instock","11":"shipping-taxable","12":"product-type-simple"},"_links":{"self":[{"href":"https:\/\/tiancheng.click\/fr\/wp-json\/wp\/v2\/product\/5052","targetHints":{"allow":["GET"]}}],"collection":[{"href":"https:\/\/tiancheng.click\/fr\/wp-json\/wp\/v2\/product"}],"about":[{"href":"https:\/\/tiancheng.click\/fr\/wp-json\/wp\/v2\/types\/product"}],"replies":[{"embeddable":true,"href":"https:\/\/tiancheng.click\/fr\/wp-json\/wp\/v2\/comments?post=5052"}],"wp:featuredmedia":[{"embeddable":true,"href":"https:\/\/tiancheng.click\/fr\/wp-json\/wp\/v2\/media\/5265"}],"wp:attachment":[{"href":"https:\/\/tiancheng.click\/fr\/wp-json\/wp\/v2\/media?parent=5052"}],"wp:term":[{"taxonomy":"product_brand","embeddable":true,"href":"https:\/\/tiancheng.click\/fr\/wp-json\/wp\/v2\/product_brand?post=5052"},{"taxonomy":"product_cat","embeddable":true,"href":"https:\/\/tiancheng.click\/fr\/wp-json\/wp\/v2\/product_cat?post=5052"},{"taxonomy":"product_tag","embeddable":true,"href":"https:\/\/tiancheng.click\/fr\/wp-json\/wp\/v2\/product_tag?post=5052"}],"curies":[{"name":"wp","href":"https:\/\/api.w.org\/{rel}","templated":true}]}}