{"id":5056,"date":"2025-12-22T10:38:31","date_gmt":"2025-12-22T02:38:31","guid":{"rendered":"https:\/\/tiancheng.click\/?post_type=product&#038;p=5056"},"modified":"2026-01-14T17:36:48","modified_gmt":"2026-01-14T09:36:48","slug":"bracelet-a-breloques-disney-empilables-optimise-pour-le-referencement-naturel-seo","status":"publish","type":"product","link":"https:\/\/tiancheng.click\/fr\/product\/bracelet-a-breloques-disney-empilables-optimise-pour-le-referencement-naturel-seo\/","title":{"rendered":"Disney \u00b7 Collection de bracelets \u00e0 breloques empilables en silicone"},"content":{"rendered":"<h3>Processus de fabrication des produits<\/h3>\n<h4>Entr\u00e9e du client \u2192 Conception 3D \u2192 Fabrication de moules \u2192 M\u00e9lange de LSR \u2192 Moulage par injection \u2192 Traitement de surface \u2192 Tampographie \u2192 Durcissement \u2192 Assemblage d'accessoires \u2192 100% Inspection \u2192 Emballage individuel \u2192 Emballage en vrac \u2192 Exp\u00e9dition<\/h4>\n<p><img fetchpriority=\"high\" decoding=\"async\" class=\"alignnone wp-image-7635\" src=\"https:\/\/tiancheng.click\/wp-content\/uploads\/2025\/12\/\u751c\u8336\u840c\u7c92sku_0012_\u80cc\u666f-2-300x300.jpg\" alt=\"\" width=\"1511\" height=\"1511\" srcset=\"https:\/\/tiancheng.click\/wp-content\/uploads\/2025\/12\/\u751c\u8336\u840c\u7c92sku_0012_\u80cc\u666f-2-300x300.jpg 300w, https:\/\/tiancheng.click\/wp-content\/uploads\/2025\/12\/\u751c\u8336\u840c\u7c92sku_0012_\u80cc\u666f-2-150x150.jpg 150w, https:\/\/tiancheng.click\/wp-content\/uploads\/2025\/12\/\u751c\u8336\u840c\u7c92sku_0012_\u80cc\u666f-2-768x768.jpg 768w, https:\/\/tiancheng.click\/wp-content\/uploads\/2025\/12\/\u751c\u8336\u840c\u7c92sku_0012_\u80cc\u666f-2-12x12.jpg 12w, https:\/\/tiancheng.click\/wp-content\/uploads\/2025\/12\/\u751c\u8336\u840c\u7c92sku_0012_\u80cc\u666f-2-600x600.jpg 600w, https:\/\/tiancheng.click\/wp-content\/uploads\/2025\/12\/\u751c\u8336\u840c\u7c92sku_0012_\u80cc\u666f-2-100x100.jpg 100w, https:\/\/tiancheng.click\/wp-content\/uploads\/2025\/12\/\u751c\u8336\u840c\u7c92sku_0012_\u80cc\u666f-2.jpg 800w\" sizes=\"(max-width: 1511px) 100vw, 1511px\" \/><\/p>\n<hr \/>\n<h2>\ud83c\udfa8\u00a0<strong>Aper\u00e7u de la collection : Stack &amp; Style<\/strong><\/h2>\n<p class=\"ds-markdown-paragraph\">Features stackable silicone character heads from beloved Disney duos, each set paired with a colorful matching bracelet. Designed for layering, playfulness, and collectibility, these bracelets bring Disney magic to your wrist\u2014and even to your bag can.<\/p>\n<div class=\"ds-scroll-area _1210dd7 c03cafe9\">\n<div class=\"auto-hide-last-sibling-br paragraph-pP9ZLC paragraph-element br-paragraph-space\">Cette s\u00e9rie de bracelets et porte-cl\u00e9s Disney \u00e0 perles, d\u00e9clin\u00e9e en 5 styles, allie un design tendance \u00e0 une double fonctionnalit\u00e9 et une grande qualit\u00e9 :<\/div>\n<ul class=\"auto-hide-last-sibling-br\">\n<li><strong>Artisanat et design<\/strong>Chaque pi\u00e8ce est compos\u00e9e de perles lisses et brillantes de diff\u00e9rentes couleurs (blanc, rose, vert, jaune, magenta) enfil\u00e9es pour former un bracelet confortable, associ\u00e9 \u00e0 des breloques 3D repr\u00e9sentant des personnages Disney (Minnie, Daisy Duck, Sulley, Tigrou, etc.) et \u00e0 des \u00e9l\u00e9ments d\u00e9coratifs (c\u0153ur, fleur, badge en forme de c\u0153ur). Fabriqu\u00e9s \u00e0 partir de perles en r\u00e9sine \u00e9cologique durable et de breloques en silicone souple, ces accessoires sont r\u00e9sistants \u00e0 la d\u00e9coloration et \u00e0 l'usure.<\/li>\n<li><strong>Fonctionnalit\u00e9 \u00e0 double usage<\/strong>: Se porte comme un bracelet chic \u00e0 perles au quotidien, et se transforme facilement en porte-cl\u00e9s (gr\u00e2ce \u00e0 son fermoir mousqueton dor\u00e9) \u00e0 accrocher \u00e0 vos cl\u00e9s, sacs ou sacs \u00e0 dos. Id\u00e9al pour les fans de Disney de tous \u00e2ges.<\/li>\n<li><strong>Avantages B2B<\/strong>: Nous proposons des quantit\u00e9s minimales de commande flexibles pour les commandes en gros, assistance\u00a0<strong>couleurs personnalis\u00e9es des perles, impression du logo sur les breloques\/l'emballage et personnalisation du design des personnages<\/strong>\u00a0pour s'aligner sur votre marque. Avec la certification officielle WAC garantissant la transparence des processus de vente en gros et l'exp\u00e9dition FOB pour la logistique mondiale, cette collection est un produit tr\u00e8s demand\u00e9 et \u00e0 forte marge pour les entreprises de produits d\u00e9riv\u00e9s, d'accessoires et de cadeaux.<\/li>\n<\/ul>\n<\/div>\n<p>&nbsp;<\/p>\n<p><img decoding=\"async\" class=\"alignnone size-medium wp-image-7630\" src=\"https:\/\/tiancheng.click\/wp-content\/uploads\/2025\/12\/\u8fea\u58eb\u5c3c\u677e\u677e\u53e0\u53e0\u4e50_0004_\u53e0\u53e0\u4e50\u7c73\u5947\u7c73\u59aesku-1-300x300.jpg\" alt=\"\" width=\"300\" height=\"300\" srcset=\"https:\/\/tiancheng.click\/wp-content\/uploads\/2025\/12\/\u8fea\u58eb\u5c3c\u677e\u677e\u53e0\u53e0\u4e50_0004_\u53e0\u53e0\u4e50\u7c73\u5947\u7c73\u59aesku-1-300x300.jpg 300w, https:\/\/tiancheng.click\/wp-content\/uploads\/2025\/12\/\u8fea\u58eb\u5c3c\u677e\u677e\u53e0\u53e0\u4e50_0004_\u53e0\u53e0\u4e50\u7c73\u5947\u7c73\u59aesku-1-150x150.jpg 150w, https:\/\/tiancheng.click\/wp-content\/uploads\/2025\/12\/\u8fea\u58eb\u5c3c\u677e\u677e\u53e0\u53e0\u4e50_0004_\u53e0\u53e0\u4e50\u7c73\u5947\u7c73\u59aesku-1-768x768.jpg 768w, https:\/\/tiancheng.click\/wp-content\/uploads\/2025\/12\/\u8fea\u58eb\u5c3c\u677e\u677e\u53e0\u53e0\u4e50_0004_\u53e0\u53e0\u4e50\u7c73\u5947\u7c73\u59aesku-1-12x12.jpg 12w, https:\/\/tiancheng.click\/wp-content\/uploads\/2025\/12\/\u8fea\u58eb\u5c3c\u677e\u677e\u53e0\u53e0\u4e50_0004_\u53e0\u53e0\u4e50\u7c73\u5947\u7c73\u59aesku-1-600x600.jpg 600w, https:\/\/tiancheng.click\/wp-content\/uploads\/2025\/12\/\u8fea\u58eb\u5c3c\u677e\u677e\u53e0\u53e0\u4e50_0004_\u53e0\u53e0\u4e50\u7c73\u5947\u7c73\u59aesku-1-100x100.jpg 100w, https:\/\/tiancheng.click\/wp-content\/uploads\/2025\/12\/\u8fea\u58eb\u5c3c\u677e\u677e\u53e0\u53e0\u4e50_0004_\u53e0\u53e0\u4e50\u7c73\u5947\u7c73\u59aesku-1.jpg 800w\" sizes=\"(max-width: 300px) 100vw, 300px\" \/> <img decoding=\"async\" class=\"alignnone size-medium wp-image-7631\" src=\"https:\/\/tiancheng.click\/wp-content\/uploads\/2025\/12\/\u8fea\u58eb\u5c3c\u677e\u677e\u53e0\u53e0\u4e50_0000_\u53e0\u53e0\u4e50\u9edb\u897f\u5510\u8001\u9e2dsku-2-300x300.jpg\" alt=\"\" width=\"300\" height=\"300\" srcset=\"https:\/\/tiancheng.click\/wp-content\/uploads\/2025\/12\/\u8fea\u58eb\u5c3c\u677e\u677e\u53e0\u53e0\u4e50_0000_\u53e0\u53e0\u4e50\u9edb\u897f\u5510\u8001\u9e2dsku-2-300x300.jpg 300w, https:\/\/tiancheng.click\/wp-content\/uploads\/2025\/12\/\u8fea\u58eb\u5c3c\u677e\u677e\u53e0\u53e0\u4e50_0000_\u53e0\u53e0\u4e50\u9edb\u897f\u5510\u8001\u9e2dsku-2-150x150.jpg 150w, https:\/\/tiancheng.click\/wp-content\/uploads\/2025\/12\/\u8fea\u58eb\u5c3c\u677e\u677e\u53e0\u53e0\u4e50_0000_\u53e0\u53e0\u4e50\u9edb\u897f\u5510\u8001\u9e2dsku-2-768x768.jpg 768w, https:\/\/tiancheng.click\/wp-content\/uploads\/2025\/12\/\u8fea\u58eb\u5c3c\u677e\u677e\u53e0\u53e0\u4e50_0000_\u53e0\u53e0\u4e50\u9edb\u897f\u5510\u8001\u9e2dsku-2-12x12.jpg 12w, https:\/\/tiancheng.click\/wp-content\/uploads\/2025\/12\/\u8fea\u58eb\u5c3c\u677e\u677e\u53e0\u53e0\u4e50_0000_\u53e0\u53e0\u4e50\u9edb\u897f\u5510\u8001\u9e2dsku-2-600x600.jpg 600w, https:\/\/tiancheng.click\/wp-content\/uploads\/2025\/12\/\u8fea\u58eb\u5c3c\u677e\u677e\u53e0\u53e0\u4e50_0000_\u53e0\u53e0\u4e50\u9edb\u897f\u5510\u8001\u9e2dsku-2-100x100.jpg 100w, https:\/\/tiancheng.click\/wp-content\/uploads\/2025\/12\/\u8fea\u58eb\u5c3c\u677e\u677e\u53e0\u53e0\u4e50_0000_\u53e0\u53e0\u4e50\u9edb\u897f\u5510\u8001\u9e2dsku-2.jpg 800w\" sizes=\"(max-width: 300px) 100vw, 300px\" \/> <img loading=\"lazy\" decoding=\"async\" class=\"alignnone size-medium wp-image-7632\" src=\"https:\/\/tiancheng.click\/wp-content\/uploads\/2025\/12\/\u8fea\u58eb\u5c3c\u677e\u677e\u53e0\u53e0\u4e50_0001_\u53e0\u53e0\u6bdb\u602a\u5927\u773csku-1-300x300.jpg\" alt=\"\" width=\"300\" height=\"300\" srcset=\"https:\/\/tiancheng.click\/wp-content\/uploads\/2025\/12\/\u8fea\u58eb\u5c3c\u677e\u677e\u53e0\u53e0\u4e50_0001_\u53e0\u53e0\u6bdb\u602a\u5927\u773csku-1-300x300.jpg 300w, https:\/\/tiancheng.click\/wp-content\/uploads\/2025\/12\/\u8fea\u58eb\u5c3c\u677e\u677e\u53e0\u53e0\u4e50_0001_\u53e0\u53e0\u6bdb\u602a\u5927\u773csku-1-150x150.jpg 150w, https:\/\/tiancheng.click\/wp-content\/uploads\/2025\/12\/\u8fea\u58eb\u5c3c\u677e\u677e\u53e0\u53e0\u4e50_0001_\u53e0\u53e0\u6bdb\u602a\u5927\u773csku-1-768x768.jpg 768w, https:\/\/tiancheng.click\/wp-content\/uploads\/2025\/12\/\u8fea\u58eb\u5c3c\u677e\u677e\u53e0\u53e0\u4e50_0001_\u53e0\u53e0\u6bdb\u602a\u5927\u773csku-1-12x12.jpg 12w, https:\/\/tiancheng.click\/wp-content\/uploads\/2025\/12\/\u8fea\u58eb\u5c3c\u677e\u677e\u53e0\u53e0\u4e50_0001_\u53e0\u53e0\u6bdb\u602a\u5927\u773csku-1-600x600.jpg 600w, https:\/\/tiancheng.click\/wp-content\/uploads\/2025\/12\/\u8fea\u58eb\u5c3c\u677e\u677e\u53e0\u53e0\u4e50_0001_\u53e0\u53e0\u6bdb\u602a\u5927\u773csku-1-100x100.jpg 100w, https:\/\/tiancheng.click\/wp-content\/uploads\/2025\/12\/\u8fea\u58eb\u5c3c\u677e\u677e\u53e0\u53e0\u4e50_0001_\u53e0\u53e0\u6bdb\u602a\u5927\u773csku-1.jpg 800w\" sizes=\"(max-width: 300px) 100vw, 300px\" \/> <img loading=\"lazy\" decoding=\"async\" class=\"alignnone size-medium wp-image-7633\" src=\"https:\/\/tiancheng.click\/wp-content\/uploads\/2025\/12\/\u8fea\u58eb\u5c3c\u677e\u677e\u53e0\u53e0\u4e50_0002_\u53e0\u53e0\u4e50\u7ef4\u5c3c\u8df3\u8df3\u864esku-1-300x300.jpg\" alt=\"\" width=\"300\" height=\"300\" srcset=\"https:\/\/tiancheng.click\/wp-content\/uploads\/2025\/12\/\u8fea\u58eb\u5c3c\u677e\u677e\u53e0\u53e0\u4e50_0002_\u53e0\u53e0\u4e50\u7ef4\u5c3c\u8df3\u8df3\u864esku-1-300x300.jpg 300w, https:\/\/tiancheng.click\/wp-content\/uploads\/2025\/12\/\u8fea\u58eb\u5c3c\u677e\u677e\u53e0\u53e0\u4e50_0002_\u53e0\u53e0\u4e50\u7ef4\u5c3c\u8df3\u8df3\u864esku-1-150x150.jpg 150w, https:\/\/tiancheng.click\/wp-content\/uploads\/2025\/12\/\u8fea\u58eb\u5c3c\u677e\u677e\u53e0\u53e0\u4e50_0002_\u53e0\u53e0\u4e50\u7ef4\u5c3c\u8df3\u8df3\u864esku-1-768x768.jpg 768w, https:\/\/tiancheng.click\/wp-content\/uploads\/2025\/12\/\u8fea\u58eb\u5c3c\u677e\u677e\u53e0\u53e0\u4e50_0002_\u53e0\u53e0\u4e50\u7ef4\u5c3c\u8df3\u8df3\u864esku-1-12x12.jpg 12w, https:\/\/tiancheng.click\/wp-content\/uploads\/2025\/12\/\u8fea\u58eb\u5c3c\u677e\u677e\u53e0\u53e0\u4e50_0002_\u53e0\u53e0\u4e50\u7ef4\u5c3c\u8df3\u8df3\u864esku-1-600x600.jpg 600w, https:\/\/tiancheng.click\/wp-content\/uploads\/2025\/12\/\u8fea\u58eb\u5c3c\u677e\u677e\u53e0\u53e0\u4e50_0002_\u53e0\u53e0\u4e50\u7ef4\u5c3c\u8df3\u8df3\u864esku-1-100x100.jpg 100w, https:\/\/tiancheng.click\/wp-content\/uploads\/2025\/12\/\u8fea\u58eb\u5c3c\u677e\u677e\u53e0\u53e0\u4e50_0002_\u53e0\u53e0\u4e50\u7ef4\u5c3c\u8df3\u8df3\u864esku-1.jpg 800w\" sizes=\"(max-width: 300px) 100vw, 300px\" \/> <img loading=\"lazy\" decoding=\"async\" class=\"alignnone size-medium wp-image-7634\" src=\"https:\/\/tiancheng.click\/wp-content\/uploads\/2025\/12\/\u8fea\u58eb\u5c3c\u677e\u677e\u53e0\u53e0\u4e50_0003_\u53e0\u53e0\u4e50\u4e09\u773c\u8349\u8393\u718asku-1-300x300.jpg\" alt=\"\" width=\"300\" height=\"300\" srcset=\"https:\/\/tiancheng.click\/wp-content\/uploads\/2025\/12\/\u8fea\u58eb\u5c3c\u677e\u677e\u53e0\u53e0\u4e50_0003_\u53e0\u53e0\u4e50\u4e09\u773c\u8349\u8393\u718asku-1-300x300.jpg 300w, https:\/\/tiancheng.click\/wp-content\/uploads\/2025\/12\/\u8fea\u58eb\u5c3c\u677e\u677e\u53e0\u53e0\u4e50_0003_\u53e0\u53e0\u4e50\u4e09\u773c\u8349\u8393\u718asku-1-150x150.jpg 150w, https:\/\/tiancheng.click\/wp-content\/uploads\/2025\/12\/\u8fea\u58eb\u5c3c\u677e\u677e\u53e0\u53e0\u4e50_0003_\u53e0\u53e0\u4e50\u4e09\u773c\u8349\u8393\u718asku-1-768x768.jpg 768w, https:\/\/tiancheng.click\/wp-content\/uploads\/2025\/12\/\u8fea\u58eb\u5c3c\u677e\u677e\u53e0\u53e0\u4e50_0003_\u53e0\u53e0\u4e50\u4e09\u773c\u8349\u8393\u718asku-1-12x12.jpg 12w, https:\/\/tiancheng.click\/wp-content\/uploads\/2025\/12\/\u8fea\u58eb\u5c3c\u677e\u677e\u53e0\u53e0\u4e50_0003_\u53e0\u53e0\u4e50\u4e09\u773c\u8349\u8393\u718asku-1-600x600.jpg 600w, https:\/\/tiancheng.click\/wp-content\/uploads\/2025\/12\/\u8fea\u58eb\u5c3c\u677e\u677e\u53e0\u53e0\u4e50_0003_\u53e0\u53e0\u4e50\u4e09\u773c\u8349\u8393\u718asku-1-100x100.jpg 100w, https:\/\/tiancheng.click\/wp-content\/uploads\/2025\/12\/\u8fea\u58eb\u5c3c\u677e\u677e\u53e0\u53e0\u4e50_0003_\u53e0\u53e0\u4e50\u4e09\u773c\u8349\u8393\u718asku-1.jpg 800w\" sizes=\"(max-width: 300px) 100vw, 300px\" \/><\/p>\n<hr \/>\n<p>Caract\u00e9ristiques principales<br \/>\n\u2728 Ensemble de deux caract\u00e8res : chaque bracelet comprend une paire de caract\u00e8res assortis.<br \/>\n\u2728 Design th\u00e9matique par couleur : chaque palette de couleurs refl\u00e8te la personnalit\u00e9 du duo de personnages.<br \/>\n\u2728 Empilement ludique : encourage la cr\u00e9ativit\u00e9 dans le style et la narration visuelle.<\/p>\n<p>D\u00e9couvrez notre\u00a0<strong>Collection officielle de bracelets et porte-cl\u00e9s \u00e0 perles Disney sous licence (5 mod\u00e8les)<\/strong>\u2014une gamme tendance d'accessoires \u00e0 double usage orn\u00e9s de breloques repr\u00e9sentant les personnages embl\u00e9matiques de Disney, con\u00e7us sous forme de bracelets \u00e9l\u00e9gants et de porte-cl\u00e9s fonctionnels ! Alliant le charme authentique de Disney \u00e0 un savoir-faire artisanal haut de gamme, cette collection est un choix de premier ordre pour les d\u00e9taillants internationaux, les distributeurs de cadeaux et les partenaires commerciaux de propri\u00e9t\u00e9 intellectuelle. Nous soutenons\u00a0<strong>Conditions d'exp\u00e9dition FOB<\/strong>\u00a0pour une livraison dans le monde entier, conservez le document officiel\u00a0<strong>Certification WAC<\/strong>\u00a0pour une coop\u00e9ration conforme \u00e0 la vente en gros, et offrent une personnalisation flexible pour les commandes en gros.<\/p>","protected":false},"excerpt":{"rendered":"<h1>Disney \u00b7 Collection de bracelets \u00e0 breloques empilables en silicone<\/h1>\n<div class=\"ds-scroll-area _1210dd7 c03cafe9\">\n<hr \/>\n<p>\ud83d\udccf Sp\u00e9cifications du produit<\/p>\n<p>Mat\u00e9riau : silicone de qualit\u00e9 alimentaire (bracelet et breloques)<\/p>\n<p>Diam\u00e8tre du charm : environ 2 cm par t\u00eate de personnage<\/p>\n<p>Emballage : Emballage individuel sous sachet plastique<\/p>\n<p>Licence : produit Disney sous licence officielle<\/p>\n<hr \/>\n<p>\ud83e\uddf8 Sc\u00e9narios d'utilisation<\/p>\n<p>\u00c0 porter au quotidien avec un style superpos\u00e9<\/p>\n<p>Visites des parcs Disney et soir\u00e9es \u00e0 th\u00e8me<\/p>\n<p>Bracelets d'amiti\u00e9 avec des th\u00e8mes de personnages appari\u00e9s<\/p>\n<h2>\ud83d\udd17 <strong>Conception et fonctionnalit\u00e9<\/strong><\/h2>\n<p class=\"ds-markdown-paragraph\">\u2705\u00a0<strong>Charms empilables<\/strong>: Les t\u00eates de personnages peuvent \u00eatre empil\u00e9es ensemble sur un bracelet.<br \/>\n\u2705\u00a0<strong>Breloques non d\u00e9tachables<\/strong>: Les breloques sont fix\u00e9es de mani\u00e8re permanente au bracelet pour plus de durabilit\u00e9.<\/p>\n<\/div>","protected":false},"featured_media":5539,"comment_status":"open","ping_status":"closed","template":"","meta":[],"product_brand":[],"product_cat":[15,37],"product_tag":[],"class_list":{"0":"post-5056","1":"product","2":"type-product","3":"status-publish","4":"has-post-thumbnail","6":"product_cat-character-goods","7":"product_cat-silicone-rubber-figurine-keychain-and-plush-toy-accessories-series","9":"first","10":"instock","11":"shipping-taxable","12":"product-type-simple"},"_links":{"self":[{"href":"https:\/\/tiancheng.click\/fr\/wp-json\/wp\/v2\/product\/5056","targetHints":{"allow":["GET"]}}],"collection":[{"href":"https:\/\/tiancheng.click\/fr\/wp-json\/wp\/v2\/product"}],"about":[{"href":"https:\/\/tiancheng.click\/fr\/wp-json\/wp\/v2\/types\/product"}],"replies":[{"embeddable":true,"href":"https:\/\/tiancheng.click\/fr\/wp-json\/wp\/v2\/comments?post=5056"}],"wp:featuredmedia":[{"embeddable":true,"href":"https:\/\/tiancheng.click\/fr\/wp-json\/wp\/v2\/media\/5539"}],"wp:attachment":[{"href":"https:\/\/tiancheng.click\/fr\/wp-json\/wp\/v2\/media?parent=5056"}],"wp:term":[{"taxonomy":"product_brand","embeddable":true,"href":"https:\/\/tiancheng.click\/fr\/wp-json\/wp\/v2\/product_brand?post=5056"},{"taxonomy":"product_cat","embeddable":true,"href":"https:\/\/tiancheng.click\/fr\/wp-json\/wp\/v2\/product_cat?post=5056"},{"taxonomy":"product_tag","embeddable":true,"href":"https:\/\/tiancheng.click\/fr\/wp-json\/wp\/v2\/product_tag?post=5056"}],"curies":[{"name":"wp","href":"https:\/\/api.w.org\/{rel}","templated":true}]}}