{"id":5682,"date":"2025-12-27T17:20:48","date_gmt":"2025-12-27T09:20:48","guid":{"rendered":"https:\/\/tiancheng.click\/?post_type=product&#038;p=5682"},"modified":"2026-01-14T08:49:38","modified_gmt":"2026-01-14T00:49:38","slug":"porte-cles-disney-driving-adventure","status":"publish","type":"product","link":"https:\/\/tiancheng.click\/fr\/product\/porte-cles-disney-driving-adventure\/","title":{"rendered":"Porte-cl\u00e9s sous licence Disney \u00b7 Collection Driving Adventure"},"content":{"rendered":"<div data-page-id=\"ZRJCfrZnndGhiwcvgdvcxwZVnQf\" data-lark-html-role=\"root\" data-docx-has-block-data=\"false\">\n<div>\n<h3>Processus de fabrication des produits<\/h3>\n<h4>Entr\u00e9e du client \u2192 Conception 3D \u2192 Fabrication de moules \u2192 M\u00e9lange de LSR \u2192 Moulage par injection \u2192 Traitement de surface \u2192 Tampographie \u2192 Durcissement \u2192 Assemblage d'accessoires \u2192 100% Inspection \u2192 Emballage individuel \u2192 Emballage en vrac \u2192 Exp\u00e9dition<\/h4>\n<\/div>\n<div><img fetchpriority=\"high\" decoding=\"async\" class=\"alignnone wp-image-7616\" src=\"https:\/\/tiancheng.click\/wp-content\/uploads\/2025\/12\/\u672a\u547d\u540d\u56fe\u7247-3-300x300.png\" alt=\"\" width=\"1714\" height=\"1714\" srcset=\"https:\/\/tiancheng.click\/wp-content\/uploads\/2025\/12\/\u672a\u547d\u540d\u56fe\u7247-3-300x300.png 300w, https:\/\/tiancheng.click\/wp-content\/uploads\/2025\/12\/\u672a\u547d\u540d\u56fe\u7247-3-150x150.png 150w, https:\/\/tiancheng.click\/wp-content\/uploads\/2025\/12\/\u672a\u547d\u540d\u56fe\u7247-3-768x768.png 768w, https:\/\/tiancheng.click\/wp-content\/uploads\/2025\/12\/\u672a\u547d\u540d\u56fe\u7247-3-12x12.png 12w, https:\/\/tiancheng.click\/wp-content\/uploads\/2025\/12\/\u672a\u547d\u540d\u56fe\u7247-3-600x600.png 600w, https:\/\/tiancheng.click\/wp-content\/uploads\/2025\/12\/\u672a\u547d\u540d\u56fe\u7247-3-100x100.png 100w, https:\/\/tiancheng.click\/wp-content\/uploads\/2025\/12\/\u672a\u547d\u540d\u56fe\u7247-3.png 800w\" sizes=\"(max-width: 1714px) 100vw, 1714px\" \/><\/div>\n<div>\n<h4><strong>Minnie Mouse (Red-Pink Sweet Style)\u3001<\/strong><strong>Donald Duck (Blue-Teal Playful Style)&amp;<\/strong><strong>Mickey Mouse (style classique rouge et noir)<\/strong><\/h4>\n<\/div>\n<div class=\"ace-line ace-line old-record-id-BH60fvOjRdP7i7c2Fhfc5DbHn1c\"><img decoding=\"async\" class=\"alignnone size-medium wp-image-6978\" src=\"https:\/\/tiancheng.click\/wp-content\/uploads\/2025\/12\/\u4ea7\u54c1-300x283.png\" alt=\"\" width=\"300\" height=\"283\" srcset=\"https:\/\/tiancheng.click\/wp-content\/uploads\/2025\/12\/\u4ea7\u54c1-300x283.png 300w, https:\/\/tiancheng.click\/wp-content\/uploads\/2025\/12\/\u4ea7\u54c1-1024x965.png 1024w, https:\/\/tiancheng.click\/wp-content\/uploads\/2025\/12\/\u4ea7\u54c1-768x723.png 768w, https:\/\/tiancheng.click\/wp-content\/uploads\/2025\/12\/\u4ea7\u54c1-1536x1447.png 1536w, https:\/\/tiancheng.click\/wp-content\/uploads\/2025\/12\/\u4ea7\u54c1-13x12.png 13w, https:\/\/tiancheng.click\/wp-content\/uploads\/2025\/12\/\u4ea7\u54c1-600x565.png 600w, https:\/\/tiancheng.click\/wp-content\/uploads\/2025\/12\/\u4ea7\u54c1.png 2048w\" sizes=\"(max-width: 300px) 100vw, 300px\" \/> <img decoding=\"async\" class=\"alignnone size-medium wp-image-6979\" src=\"https:\/\/tiancheng.click\/wp-content\/uploads\/2025\/12\/\u4ea7\u54c1-2-300x270.png\" alt=\"\" width=\"300\" height=\"270\" srcset=\"https:\/\/tiancheng.click\/wp-content\/uploads\/2025\/12\/\u4ea7\u54c1-2-300x270.png 300w, https:\/\/tiancheng.click\/wp-content\/uploads\/2025\/12\/\u4ea7\u54c1-2-1024x922.png 1024w, https:\/\/tiancheng.click\/wp-content\/uploads\/2025\/12\/\u4ea7\u54c1-2-768x692.png 768w, https:\/\/tiancheng.click\/wp-content\/uploads\/2025\/12\/\u4ea7\u54c1-2-1536x1383.png 1536w, https:\/\/tiancheng.click\/wp-content\/uploads\/2025\/12\/\u4ea7\u54c1-2-13x12.png 13w, https:\/\/tiancheng.click\/wp-content\/uploads\/2025\/12\/\u4ea7\u54c1-2-600x540.png 600w, https:\/\/tiancheng.click\/wp-content\/uploads\/2025\/12\/\u4ea7\u54c1-2.png 2048w\" sizes=\"(max-width: 300px) 100vw, 300px\" \/><img loading=\"lazy\" decoding=\"async\" class=\"alignnone size-medium wp-image-7617\" src=\"https:\/\/tiancheng.click\/wp-content\/uploads\/2025\/12\/\u4ea7\u54c1-1-1-300x272.png\" alt=\"\" width=\"300\" height=\"272\" srcset=\"https:\/\/tiancheng.click\/wp-content\/uploads\/2025\/12\/\u4ea7\u54c1-1-1-300x272.png 300w, https:\/\/tiancheng.click\/wp-content\/uploads\/2025\/12\/\u4ea7\u54c1-1-1-1024x929.png 1024w, https:\/\/tiancheng.click\/wp-content\/uploads\/2025\/12\/\u4ea7\u54c1-1-1-768x697.png 768w, https:\/\/tiancheng.click\/wp-content\/uploads\/2025\/12\/\u4ea7\u54c1-1-1-1536x1394.png 1536w, https:\/\/tiancheng.click\/wp-content\/uploads\/2025\/12\/\u4ea7\u54c1-1-1-13x12.png 13w, https:\/\/tiancheng.click\/wp-content\/uploads\/2025\/12\/\u4ea7\u54c1-1-1-600x544.png 600w, https:\/\/tiancheng.click\/wp-content\/uploads\/2025\/12\/\u4ea7\u54c1-1-1.png 2048w\" sizes=\"(max-width: 300px) 100vw, 300px\" \/><\/div>\n<div class=\"ace-line ace-line old-record-id-BH60fvOjRdP7i7c2Fhfc5DbHn1c\">Lib\u00e9rez le potentiel explosif du march\u00e9 gr\u00e2ce \u00e0 notre collection officielle de porte-cl\u00e9s Disney \u201c Cute Drive \u201d ! En tant que partenaire B2B, vous n'achetez pas seulement un produit, vous tirez parti de la propri\u00e9t\u00e9 intellectuelle la plus appr\u00e9ci\u00e9e au monde pour augmenter la fr\u00e9quentation, stimuler les conversions et accro\u00eetre vos marges b\u00e9n\u00e9ficiaires. Chaque porte-cl\u00e9s de cette collection est le fruit d'un savoir-faire artisanal exceptionnel : les personnages en relief 3D sont vivants et r\u00e9alistes, associ\u00e9s \u00e0 des designs de voitures r\u00e9tro qui d\u00e9gagent un charme espi\u00e8gle ; le PVC \u00e9cologique garantit une texture lisse et une couleur durable, tandis que le fermoir m\u00e9tallique renforc\u00e9 et la lani\u00e8re tiss\u00e9e serr\u00e9e assurent une utilisation fiable. Con\u00e7ue pour les circuits de vente au d\u00e9tail, les cadeaux et les cadeaux d'entreprise \u00e0 l'\u00e9chelle mondiale, cette collection transforme l'attrait universel de Disney en r\u00e9sultats commerciaux tangibles. De plus, nous proposons des services de personnalisation flexibles pour r\u00e9pondre \u00e0 vos besoins sp\u00e9cifiques, vous permettant ainsi de vous d\u00e9marquer plus facilement sur le march\u00e9.<\/div>\n<\/div>","protected":false},"excerpt":{"rendered":"<div data-page-id=\"ZRJCfrZnndGhiwcvgdvcxwZVnQf\" data-lark-html-role=\"root\" data-docx-has-block-data=\"false\">\n<h3 class=\"heading-3 ace-line old-record-id-OmpWfuDZWdia6JcVvgJcB8r3nIg\">1. Le pouvoir mondial de la propri\u00e9t\u00e9 intellectuelle Disney : marketing \u00e0 co\u00fbt nul, attrait instantan\u00e9 pour les clients<\/h3>\n<div class=\"ace-line ace-line old-record-id-Ec8BfebNIdydQfc6WTycwczynhh\">Mettant en vedette trois personnages Disney embl\u00e9matiques et tr\u00e8s appr\u00e9ci\u00e9s des fans, Minnie Mouse, Mickey Mouse et Donald Duck, chacun associ\u00e9 \u00e0 un th\u00e8me r\u00e9tro ludique autour de l'automobile.<\/div>\n<div class=\"ace-line ace-line old-record-id-Ec8BfebNIdydQfc6WTycwczynhh\">Ces personnages jouissent depuis des d\u00e9cennies d'une reconnaissance mondiale aupr\u00e8s de tous les groupes d'\u00e2ge, ce qui signifie que vos clients les rechercheront activement. Aucune campagne marketing co\u00fbteuse n'est n\u00e9cessaire ; le logo Disney suffit \u00e0 lui seul \u00e0 susciter la confiance et l'intention d'achat, ce qui r\u00e9duit consid\u00e9rablement vos co\u00fbts d'acquisition de clients.<\/div>\n<h3 class=\"heading-3 ace-line old-record-id-DsemfN6dDd1qFrc006Sc2IjUnKf\">2. 3 r\u00e9f\u00e9rences \u00e0 fort taux de conversion : couvrir tous les segments de consommateurs cl\u00e9s<\/h3>\n<\/div>\n<div><strong>Minnie Mouse (style doux rouge-rose)<\/strong>: Cible les consommatrices, les adolescentes et les amateurs d'accessoires mignons. Id\u00e9al pour les magasins d'accessoires de mode et les boutiques de cadeaux.<\/div>\n<div><strong>Donald Duck (style ludique bleu-vert sarcelle)<\/strong>: Pla\u00eet aux familles, aux touristes et aux acheteurs occasionnels \u2014 id\u00e9al pour les boutiques de souvenirs des parcs d'attractions et les attractions touristiques.<\/div>\n<div><strong>Mickey Mouse (style classique rouge et noir)<\/strong>: Design intemporel qui pla\u00eet \u00e0 tous, des enfants aux adultes \u2014 convient aux grands magasins, aux d\u00e9taillants de jouets et aux cadeaux d'entreprise.<\/div>\n<h3 class=\"heading-3 ace-line old-record-id-HH7OfrmC9daFFKch9MZccYDkndK\">3. Qualit\u00e9 sup\u00e9rieure et conformit\u00e9 : distribution sans risque dans le monde entier<\/h3>\n<div class=\"ace-line ace-line old-record-id-QEkEfyomtddodRc111Sc2hySnRe\">Crafted from eco-friendly, scratch-resistant PVC with vibrant, fade-proof colors, plus a sturdy metal clasp and durable woven lanyard\u2014built to withstand daily use, minimizing returns and post-sales headaches. Fully compliant with global safety standards, and we provide<\/div>\n<div class=\"ace-line ace-line old-record-id-QEkEfyomtddodRc111Sc2hySnRe\">Remplissez les documents officiels de licence Disney afin de garantir la l\u00e9galit\u00e9 et la s\u00e9curit\u00e9 de vos ventes sur tous les march\u00e9s.<\/div>\n<h3 class=\"heading-3 ace-line old-record-id-ZUpkfzjJQdLpKicFDGYcc7vCn5f\">4. Application polyvalente : optimisez vos canaux de vente<\/h3>\n<div class=\"ace-line ace-line old-record-id-RBClfJgLzdgXSCcsEVIct3wenjf\">Cette collection ne se limite pas \u00e0 un seul canal : elle g\u00e9n\u00e8re des profits dans de nombreux sc\u00e9narios : boutiques de souvenirs dans les parcs d'attractions, magasins d'accessoires de mode, d\u00e9taillants de jouets, coffrets cadeaux pour les f\u00eates (No\u00ebl, Halloween, P\u00e2ques), kits de bien-\u00eatre pour les employ\u00e9s d'entreprise et primes de collaboration entre marques. Le design compact et le prix bas favorisent \u00e9galement les achats impulsifs, augmentant ainsi la valeur moyenne de vos commandes. Afin de mieux r\u00e9pondre aux besoins de votre entreprise, nous proposons des options de personnalisation compl\u00e8tes pour les commandes en gros : vous pouvez ajouter le logo de votre marque, votre slogan ou des combinaisons de couleurs exclusives aux cordons, aux bases des produits ou aux emballages. Qu'il s'agisse de cadeaux d'entreprise, de projets de marques priv\u00e9es ou de personnalisation pour le march\u00e9 r\u00e9gional, notre \u00e9quipe professionnelle \u00e9laborera des solutions sur mesure pour vous aider \u00e0 renforcer la diff\u00e9renciation de votre marque et votre comp\u00e9titivit\u00e9 sur le march\u00e9.<\/div>","protected":false},"featured_media":6977,"comment_status":"open","ping_status":"closed","template":"","meta":[],"product_brand":[],"product_cat":[15,37],"product_tag":[],"class_list":{"0":"post-5682","1":"product","2":"type-product","3":"status-publish","4":"has-post-thumbnail","6":"product_cat-character-goods","7":"product_cat-silicone-rubber-figurine-keychain-and-plush-toy-accessories-series","9":"first","10":"instock","11":"shipping-taxable","12":"product-type-simple"},"_links":{"self":[{"href":"https:\/\/tiancheng.click\/fr\/wp-json\/wp\/v2\/product\/5682","targetHints":{"allow":["GET"]}}],"collection":[{"href":"https:\/\/tiancheng.click\/fr\/wp-json\/wp\/v2\/product"}],"about":[{"href":"https:\/\/tiancheng.click\/fr\/wp-json\/wp\/v2\/types\/product"}],"replies":[{"embeddable":true,"href":"https:\/\/tiancheng.click\/fr\/wp-json\/wp\/v2\/comments?post=5682"}],"wp:featuredmedia":[{"embeddable":true,"href":"https:\/\/tiancheng.click\/fr\/wp-json\/wp\/v2\/media\/6977"}],"wp:attachment":[{"href":"https:\/\/tiancheng.click\/fr\/wp-json\/wp\/v2\/media?parent=5682"}],"wp:term":[{"taxonomy":"product_brand","embeddable":true,"href":"https:\/\/tiancheng.click\/fr\/wp-json\/wp\/v2\/product_brand?post=5682"},{"taxonomy":"product_cat","embeddable":true,"href":"https:\/\/tiancheng.click\/fr\/wp-json\/wp\/v2\/product_cat?post=5682"},{"taxonomy":"product_tag","embeddable":true,"href":"https:\/\/tiancheng.click\/fr\/wp-json\/wp\/v2\/product_tag?post=5682"}],"curies":[{"name":"wp","href":"https:\/\/api.w.org\/{rel}","templated":true}]}}