{"id":5033,"date":"2025-12-22T10:22:37","date_gmt":"2025-12-22T02:22:37","guid":{"rendered":"https:\/\/tiancheng.click\/?post_type=product&#038;p=5033"},"modified":"2026-01-14T09:52:53","modified_gmt":"2026-01-14T01:52:53","slug":"serie-de-porta-chaves-de-silicone-com-tema-disney-x-computadores-retro-visao-geral-da-serie","status":"publish","type":"product","link":"https:\/\/tiancheng.click\/pt\/product\/serie-de-porta-chaves-de-silicone-com-tema-disney-x-computadores-retro-visao-geral-da-serie\/","title":{"rendered":"S\u00e9rie de chaveiros de silicone com tema Disney \u00d7 Retro Computer Vis\u00e3o geral da s\u00e9rie"},"content":{"rendered":"<h2><img fetchpriority=\"high\" decoding=\"async\" class=\"alignnone  wp-image-7692\" src=\"https:\/\/tiancheng.click\/wp-content\/uploads\/2025\/12\/\u672a\u547d\u540d\u56fe\u7247-8-300x300.png\" alt=\"\" width=\"1707\" height=\"1707\" srcset=\"https:\/\/tiancheng.click\/wp-content\/uploads\/2025\/12\/\u672a\u547d\u540d\u56fe\u7247-8-300x300.png 300w, https:\/\/tiancheng.click\/wp-content\/uploads\/2025\/12\/\u672a\u547d\u540d\u56fe\u7247-8-150x150.png 150w, https:\/\/tiancheng.click\/wp-content\/uploads\/2025\/12\/\u672a\u547d\u540d\u56fe\u7247-8-768x768.png 768w, https:\/\/tiancheng.click\/wp-content\/uploads\/2025\/12\/\u672a\u547d\u540d\u56fe\u7247-8-12x12.png 12w, https:\/\/tiancheng.click\/wp-content\/uploads\/2025\/12\/\u672a\u547d\u540d\u56fe\u7247-8-600x600.png 600w, https:\/\/tiancheng.click\/wp-content\/uploads\/2025\/12\/\u672a\u547d\u540d\u56fe\u7247-8-100x100.png 100w, https:\/\/tiancheng.click\/wp-content\/uploads\/2025\/12\/\u672a\u547d\u540d\u56fe\u7247-8.png 800w\" sizes=\"(max-width: 1707px) 100vw, 1707px\" \/><\/h2>\n<h3>Processo de fabrico do produto<\/h3>\n<h4>Client Input \u2192 3D Design \u2192 Mold Making \u2192 LSR Mixing \u2192 Injection Molding \u2192 Surface Treatment \u2192 Pad Printing \u2192 Curing \u2192 Accessory Assembly \u2192 100% Inspection \u2192 Individual Packaging \u2192 Bulk Packing \u2192 Shipping<\/h4>\n<h2>\ud83c\udfa8\u00a0<strong>Variantes de design<\/strong><\/h2>\n<div class=\"ds-scroll-area _1210dd7 c03cafe9\">\n<div class=\"ds-scroll-area__gutters\">\n<div class=\"ds-scroll-area__vertical-gutter\"><\/div>\n<\/div>\n<table style=\"height: 277px;\" width=\"1359\">\n<thead>\n<tr>\n<th>Estilo<\/th>\n<th>Personagem<\/th>\n<th>Cor da cabe\u00e7a de silicone<\/th>\n<th>Tema de cor dos bot\u00f5es<\/th>\n<\/tr>\n<\/thead>\n<tbody>\n<tr>\n<td>1<\/td>\n<td><strong>Mickey<\/strong><\/td>\n<td>Azul claro<\/td>\n<td>Tons de azul claro<\/td>\n<\/tr>\n<tr>\n<td>2<\/td>\n<td><strong>Minnie<\/strong><\/td>\n<td>Rosa<\/td>\n<td>Tons de rosa<\/td>\n<\/tr>\n<tr>\n<td>3<\/td>\n<td><strong>Pato Donald<\/strong><\/td>\n<td>Azul claro<\/td>\n<td>Tons de azul claro<\/td>\n<\/tr>\n<tr>\n<td>4<\/td>\n<td><strong>Margarida<\/strong><\/td>\n<td>Rosa<\/td>\n<td>Tons de rosa<\/td>\n<\/tr>\n<tr>\n<td>5<\/td>\n<td><strong>Ponto<\/strong><\/td>\n<td>Azul Profundo<\/td>\n<td>Tons azuis fluorescentes<\/td>\n<\/tr>\n<tr>\n<td>6<\/td>\n<td><strong>Homens verdes pequenos<\/strong><\/td>\n<td>Verde Floresta<\/td>\n<td>Tons verdes fluorescentes<\/td>\n<\/tr>\n<tr>\n<td>7<\/td>\n<td><strong>Mike Wazowski<\/strong><\/td>\n<td>Verde brilhante<\/td>\n<td>Tons verdes fluorescentes<\/td>\n<\/tr>\n<\/tbody>\n<\/table>\n<p><img decoding=\"async\" class=\"alignnone size-medium wp-image-7684\" src=\"https:\/\/tiancheng.click\/wp-content\/uploads\/2025\/12\/icolors_disney_tsumtsum_calculator_keyring_donald-1-300x300.jpg\" alt=\"\" width=\"300\" height=\"300\" srcset=\"https:\/\/tiancheng.click\/wp-content\/uploads\/2025\/12\/icolors_disney_tsumtsum_calculator_keyring_donald-1-300x300.jpg 300w, https:\/\/tiancheng.click\/wp-content\/uploads\/2025\/12\/icolors_disney_tsumtsum_calculator_keyring_donald-1-150x150.jpg 150w, https:\/\/tiancheng.click\/wp-content\/uploads\/2025\/12\/icolors_disney_tsumtsum_calculator_keyring_donald-1-12x12.jpg 12w, https:\/\/tiancheng.click\/wp-content\/uploads\/2025\/12\/icolors_disney_tsumtsum_calculator_keyring_donald-1-100x100.jpg 100w, https:\/\/tiancheng.click\/wp-content\/uploads\/2025\/12\/icolors_disney_tsumtsum_calculator_keyring_donald-1.jpg 600w\" sizes=\"(max-width: 300px) 100vw, 300px\" \/> <img decoding=\"async\" class=\"alignnone size-medium wp-image-7685\" src=\"https:\/\/tiancheng.click\/wp-content\/uploads\/2025\/12\/icolors_disney_tsumtsum_calculator_keyring_alien-1-300x300.jpg\" alt=\"\" width=\"300\" height=\"300\" srcset=\"https:\/\/tiancheng.click\/wp-content\/uploads\/2025\/12\/icolors_disney_tsumtsum_calculator_keyring_alien-1-300x300.jpg 300w, https:\/\/tiancheng.click\/wp-content\/uploads\/2025\/12\/icolors_disney_tsumtsum_calculator_keyring_alien-1-150x150.jpg 150w, https:\/\/tiancheng.click\/wp-content\/uploads\/2025\/12\/icolors_disney_tsumtsum_calculator_keyring_alien-1-12x12.jpg 12w, https:\/\/tiancheng.click\/wp-content\/uploads\/2025\/12\/icolors_disney_tsumtsum_calculator_keyring_alien-1-100x100.jpg 100w, https:\/\/tiancheng.click\/wp-content\/uploads\/2025\/12\/icolors_disney_tsumtsum_calculator_keyring_alien-1.jpg 600w\" sizes=\"(max-width: 300px) 100vw, 300px\" \/> <img loading=\"lazy\" decoding=\"async\" class=\"alignnone size-medium wp-image-7686\" src=\"https:\/\/tiancheng.click\/wp-content\/uploads\/2025\/12\/icolors_disney_tsumtsum_calculator_keyring_daisy-1-300x300.jpg\" alt=\"\" width=\"300\" height=\"300\" srcset=\"https:\/\/tiancheng.click\/wp-content\/uploads\/2025\/12\/icolors_disney_tsumtsum_calculator_keyring_daisy-1-300x300.jpg 300w, https:\/\/tiancheng.click\/wp-content\/uploads\/2025\/12\/icolors_disney_tsumtsum_calculator_keyring_daisy-1-150x150.jpg 150w, https:\/\/tiancheng.click\/wp-content\/uploads\/2025\/12\/icolors_disney_tsumtsum_calculator_keyring_daisy-1-12x12.jpg 12w, https:\/\/tiancheng.click\/wp-content\/uploads\/2025\/12\/icolors_disney_tsumtsum_calculator_keyring_daisy-1-100x100.jpg 100w, https:\/\/tiancheng.click\/wp-content\/uploads\/2025\/12\/icolors_disney_tsumtsum_calculator_keyring_daisy-1.jpg 600w\" sizes=\"(max-width: 300px) 100vw, 300px\" \/> <img loading=\"lazy\" decoding=\"async\" class=\"alignnone size-medium wp-image-7687\" src=\"https:\/\/tiancheng.click\/wp-content\/uploads\/2025\/12\/icolors_disney_tsumtsum_calculator_keyring_mike-1-300x300.jpg\" alt=\"\" width=\"300\" height=\"300\" srcset=\"https:\/\/tiancheng.click\/wp-content\/uploads\/2025\/12\/icolors_disney_tsumtsum_calculator_keyring_mike-1-300x300.jpg 300w, https:\/\/tiancheng.click\/wp-content\/uploads\/2025\/12\/icolors_disney_tsumtsum_calculator_keyring_mike-1-150x150.jpg 150w, https:\/\/tiancheng.click\/wp-content\/uploads\/2025\/12\/icolors_disney_tsumtsum_calculator_keyring_mike-1-12x12.jpg 12w, https:\/\/tiancheng.click\/wp-content\/uploads\/2025\/12\/icolors_disney_tsumtsum_calculator_keyring_mike-1-100x100.jpg 100w, https:\/\/tiancheng.click\/wp-content\/uploads\/2025\/12\/icolors_disney_tsumtsum_calculator_keyring_mike-1.jpg 600w\" sizes=\"(max-width: 300px) 100vw, 300px\" \/> <img loading=\"lazy\" decoding=\"async\" class=\"alignnone size-medium wp-image-7688\" src=\"https:\/\/tiancheng.click\/wp-content\/uploads\/2025\/12\/icolors_disney_tsumtsum_calculator_keyring_mickey-1-300x300.jpg\" alt=\"\" width=\"300\" height=\"300\" srcset=\"https:\/\/tiancheng.click\/wp-content\/uploads\/2025\/12\/icolors_disney_tsumtsum_calculator_keyring_mickey-1-300x300.jpg 300w, https:\/\/tiancheng.click\/wp-content\/uploads\/2025\/12\/icolors_disney_tsumtsum_calculator_keyring_mickey-1-150x150.jpg 150w, https:\/\/tiancheng.click\/wp-content\/uploads\/2025\/12\/icolors_disney_tsumtsum_calculator_keyring_mickey-1-12x12.jpg 12w, https:\/\/tiancheng.click\/wp-content\/uploads\/2025\/12\/icolors_disney_tsumtsum_calculator_keyring_mickey-1-100x100.jpg 100w, https:\/\/tiancheng.click\/wp-content\/uploads\/2025\/12\/icolors_disney_tsumtsum_calculator_keyring_mickey-1.jpg 600w\" sizes=\"(max-width: 300px) 100vw, 300px\" \/> <img loading=\"lazy\" decoding=\"async\" class=\"alignnone size-medium wp-image-7689\" src=\"https:\/\/tiancheng.click\/wp-content\/uploads\/2025\/12\/icolors_disney_tsumtsum_calculator_keyring_minnie-1-300x300.jpg\" alt=\"\" width=\"300\" height=\"300\" srcset=\"https:\/\/tiancheng.click\/wp-content\/uploads\/2025\/12\/icolors_disney_tsumtsum_calculator_keyring_minnie-1-300x300.jpg 300w, https:\/\/tiancheng.click\/wp-content\/uploads\/2025\/12\/icolors_disney_tsumtsum_calculator_keyring_minnie-1-150x150.jpg 150w, https:\/\/tiancheng.click\/wp-content\/uploads\/2025\/12\/icolors_disney_tsumtsum_calculator_keyring_minnie-1-12x12.jpg 12w, https:\/\/tiancheng.click\/wp-content\/uploads\/2025\/12\/icolors_disney_tsumtsum_calculator_keyring_minnie-1-100x100.jpg 100w, https:\/\/tiancheng.click\/wp-content\/uploads\/2025\/12\/icolors_disney_tsumtsum_calculator_keyring_minnie-1.jpg 600w\" sizes=\"(max-width: 300px) 100vw, 300px\" \/> <img loading=\"lazy\" decoding=\"async\" class=\"alignnone size-medium wp-image-7690\" src=\"https:\/\/tiancheng.click\/wp-content\/uploads\/2025\/12\/icolors_disney_tsumtsum_calculator_keyring_stitch-1-300x300.jpg\" alt=\"\" width=\"300\" height=\"300\" srcset=\"https:\/\/tiancheng.click\/wp-content\/uploads\/2025\/12\/icolors_disney_tsumtsum_calculator_keyring_stitch-1-300x300.jpg 300w, https:\/\/tiancheng.click\/wp-content\/uploads\/2025\/12\/icolors_disney_tsumtsum_calculator_keyring_stitch-1-150x150.jpg 150w, https:\/\/tiancheng.click\/wp-content\/uploads\/2025\/12\/icolors_disney_tsumtsum_calculator_keyring_stitch-1-12x12.jpg 12w, https:\/\/tiancheng.click\/wp-content\/uploads\/2025\/12\/icolors_disney_tsumtsum_calculator_keyring_stitch-1-100x100.jpg 100w, https:\/\/tiancheng.click\/wp-content\/uploads\/2025\/12\/icolors_disney_tsumtsum_calculator_keyring_stitch-1.jpg 600w\" sizes=\"(max-width: 300px) 100vw, 300px\" \/><\/p>\n<\/div>\n<hr \/>\n<h2>\ud83c\udfae\u00a0<strong>Recursos interativos<\/strong><\/h2>\n<ul>\n<li>\n<p class=\"ds-markdown-paragraph\"><strong>Impress\u00e3o t\u00e1til<\/strong>: A cabe\u00e7a de silicone oferece um rebote suave<\/p>\n<\/li>\n<li>\n<p class=\"ds-markdown-paragraph\"><strong>Design nost\u00e1lgico<\/strong>: O estilo retro do computador evoca mem\u00f3rias cl\u00e1ssicas<\/p>\n<\/li>\n<li>\n<p class=\"ds-markdown-paragraph\"><strong>Utiliza\u00e7\u00e3o pr\u00e1tica<\/strong>: Leve e port\u00e1til, perfeito para chaves, bolsas e dispositivos<\/p>\n<\/li>\n<\/ul>\n<hr \/>\n<h2>\ud83c\udf81\u00a0<strong>Conte\u00fado da embalagem<\/strong><\/h2>\n<p class=\"ds-markdown-paragraph\">Chaveiro com tema de computador \u00d7 1<br \/>\nBolsa protetora transparente \u00d7 1<\/p>","protected":false},"excerpt":{"rendered":"<h2>\ud83d\udcbb\u00a0<strong>Vis\u00e3o geral da s\u00e9rie<\/strong><\/h2>\n<p class=\"ds-markdown-paragraph\">Chaveiros de silicone oficialmente licenciados pela Disney, inspirados na est\u00e9tica retro dos computadores. Cada um apresenta uma cabe\u00e7a de personagem em silicone macio sobre um corpo cl\u00e1ssico em estilo computador, combinando personagens adorados com o charme nost\u00e1lgico da tecnologia.<\/p>\n<hr \/>\n<div class=\"ds-scroll-area _1210dd7 c03cafe9\">\n<h2>\ud83e\udde9\u00a0<strong>Estrutura do produto<\/strong><\/h2>\n<ul>\n<li>\n<p class=\"ds-markdown-paragraph\"><strong>Topo<\/strong>: Cabe\u00e7a de personagem em silicone 3D (silicone de qualidade alimentar, macio e male\u00e1vel)<\/p>\n<\/li>\n<li>\n<p class=\"ds-markdown-paragraph\"><strong>M\u00e9dio<\/strong>: \u00c1rea do ecr\u00e3 do computador com emblema com caracteres em relevo<\/p>\n<\/li>\n<li>\n<p class=\"ds-markdown-paragraph\"><strong>Base<\/strong>: The keyboard features an embossed design, with key colors matching the keyboard color.<\/p>\n<\/li>\n<li>\n<p class=\"ds-markdown-paragraph\"><strong>Material<\/strong>: Corpo em silicone + ABS, leve e dur\u00e1vel<\/p>\n<\/li>\n<\/ul>\n<\/div>","protected":false},"featured_media":7691,"comment_status":"open","ping_status":"closed","template":"","meta":[],"product_brand":[],"product_cat":[15,37],"product_tag":[],"class_list":{"0":"post-5033","1":"product","2":"type-product","3":"status-publish","4":"has-post-thumbnail","6":"product_cat-character-goods","7":"product_cat-silicone-rubber-figurine-keychain-and-plush-toy-accessories-series","9":"first","10":"instock","11":"shipping-taxable","12":"product-type-simple"},"_links":{"self":[{"href":"https:\/\/tiancheng.click\/pt\/wp-json\/wp\/v2\/product\/5033","targetHints":{"allow":["GET"]}}],"collection":[{"href":"https:\/\/tiancheng.click\/pt\/wp-json\/wp\/v2\/product"}],"about":[{"href":"https:\/\/tiancheng.click\/pt\/wp-json\/wp\/v2\/types\/product"}],"replies":[{"embeddable":true,"href":"https:\/\/tiancheng.click\/pt\/wp-json\/wp\/v2\/comments?post=5033"}],"wp:featuredmedia":[{"embeddable":true,"href":"https:\/\/tiancheng.click\/pt\/wp-json\/wp\/v2\/media\/7691"}],"wp:attachment":[{"href":"https:\/\/tiancheng.click\/pt\/wp-json\/wp\/v2\/media?parent=5033"}],"wp:term":[{"taxonomy":"product_brand","embeddable":true,"href":"https:\/\/tiancheng.click\/pt\/wp-json\/wp\/v2\/product_brand?post=5033"},{"taxonomy":"product_cat","embeddable":true,"href":"https:\/\/tiancheng.click\/pt\/wp-json\/wp\/v2\/product_cat?post=5033"},{"taxonomy":"product_tag","embeddable":true,"href":"https:\/\/tiancheng.click\/pt\/wp-json\/wp\/v2\/product_tag?post=5033"}],"curies":[{"name":"wp","href":"https:\/\/api.w.org\/{rel}","templated":true}]}}